{"id":2378,"date":"2024-10-10T11:50:53","date_gmt":"2024-10-10T09:50:53","guid":{"rendered":"https:\/\/operation.abcortopedi.se\/?page_id=2378"},"modified":"2024-10-10T14:20:59","modified_gmt":"2024-10-10T12:20:59","slug":"valj-din-vard-2","status":"publish","type":"page","link":"https:\/\/operation.abcortopedi.se\/en\/valj-din-vard-2\/","title":{"rendered":"V\u00e4lj din v\u00e5rd"},"content":{"rendered":"<div data-elementor-type=\"wp-page\" data-elementor-id=\"2378\" class=\"elementor elementor-2378\" data-elementor-post-type=\"page\">\n\t\t\t\t\t\t<section class=\"elementor-section elementor-top-section elementor-element elementor-element-0e41c04 elementor-section-height-min-height elementor-section-boxed elementor-section-height-default elementor-section-items-middle\" data-id=\"0e41c04\" data-element_type=\"section\" data-e-type=\"section\">\n\t\t\t\t\t\t<div class=\"elementor-container elementor-column-gap-default\">\n\t\t\t\t\t<div class=\"elementor-column elementor-col-100 elementor-top-column elementor-element elementor-element-4223671\" data-id=\"4223671\" data-element_type=\"column\" data-e-type=\"column\">\n\t\t\t<div class=\"elementor-widget-wrap elementor-element-populated\">\n\t\t\t\t\t\t<div class=\"elementor-element elementor-element-f257839 elementor-widget elementor-widget-heading\" data-id=\"f257839\" data-element_type=\"widget\" data-e-type=\"widget\" data-widget_type=\"heading.default\">\n\t\t\t\t<div class=\"elementor-widget-container\">\n\t\t\t\t\t<h1 class=\"elementor-heading-title elementor-size-default\">V\u00e4lkommen till ABC Ortopedi!\u2028<br>\nVilken avdelning s\u00f6ker du?<\/h1>\t\t\t\t<\/div>\n\t\t\t\t<\/div>\n\t\t\t\t<div class=\"elementor-element elementor-element-e87456e elementor-align-center elementor-widget__width-auto elementor-widget elementor-widget-button\" data-id=\"e87456e\" data-element_type=\"widget\" data-e-type=\"widget\" data-widget_type=\"button.default\">\n\t\t\t\t<div class=\"elementor-widget-container\">\n\t\t\t\t\t\t\t\t\t<div class=\"elementor-button-wrapper\">\n\t\t\t\t\t<a class=\"elementor-button elementor-button-link elementor-size-sm\" href=\"http:\/\/abcortopedi.se\">\n\t\t\t\t\t\t<span class=\"elementor-button-content-wrapper\">\n\t\t\t\t\t\t\t\t\t<span class=\"elementor-button-text\">Clinic<\/span>\n\t\t\t\t\t<\/span>\n\t\t\t\t\t<\/a>\n\t\t\t\t<\/div>\n\t\t\t\t\t\t\t\t<\/div>\n\t\t\t\t<\/div>\n\t\t\t\t<div class=\"elementor-element elementor-element-ea2ae91 elementor-align-center elementor-widget__width-auto elementor-widget elementor-widget-button\" data-id=\"ea2ae91\" data-element_type=\"widget\" data-e-type=\"widget\" data-widget_type=\"button.default\">\n\t\t\t\t<div class=\"elementor-widget-container\">\n\t\t\t\t\t\t\t\t\t<div class=\"elementor-button-wrapper\">\n\t\t\t\t\t<a class=\"elementor-button elementor-button-link elementor-size-sm\" href=\"http:\/\/operation.abcortopedi.se\/en\/hem\/\">\n\t\t\t\t\t\t<span class=\"elementor-button-content-wrapper\">\n\t\t\t\t\t\t\t\t\t<span class=\"elementor-button-text\">Operationer<\/span>\n\t\t\t\t\t<\/span>\n\t\t\t\t\t<\/a>\n\t\t\t\t<\/div>\n\t\t\t\t\t\t\t\t<\/div>\n\t\t\t\t<\/div>\n\t\t\t\t<div class=\"elementor-element elementor-element-185efa19 elementor-widget elementor-widget-image\" data-id=\"185efa19\" data-element_type=\"widget\" data-e-type=\"widget\" data-widget_type=\"image.default\">\n\t\t\t\t<div class=\"elementor-widget-container\">\n\t\t\t\t\t\t\t\t\t\t\t\t\t\t\t<img decoding=\"async\" width=\"400\" height=\"70\" src=\"https:\/\/operation.abcortopedi.se\/wp-content\/uploads\/2022\/01\/ABC_Ortopedi_logo-Header.png\" class=\"attachment-full size-full wp-image-734\" alt=\"\" srcset=\"https:\/\/operation.abcortopedi.se\/wp-content\/uploads\/2022\/01\/ABC_Ortopedi_logo-Header.png 400w, https:\/\/operation.abcortopedi.se\/wp-content\/uploads\/2022\/01\/ABC_Ortopedi_logo-Header-18x3.png 18w\" sizes=\"(max-width: 400px) 100vw, 400px\" \/>\t\t\t\t\t\t\t\t\t\t\t\t\t\t\t<\/div>\n\t\t\t\t<\/div>\n\t\t\t\t\t<\/div>\n\t\t<\/div>\n\t\t\t\t\t<\/div>\n\t\t<\/section>\n\t\t\t\t<\/div>","protected":false},"excerpt":{"rendered":"<p>V\u00e4lkommen till ABC Ortopedi!\u2028 Vilken avdelning s\u00f6ker du? Mottagning Operationer<\/p>","protected":false},"author":1,"featured_media":0,"parent":0,"menu_order":0,"comment_status":"closed","ping_status":"closed","template":"elementor_canvas","meta":{"_monsterinsights_skip_tracking":false,"_monsterinsights_sitenote_active":false,"_monsterinsights_sitenote_note":"","_monsterinsights_sitenote_category":0,"footnotes":""},"class_list":["post-2378","page","type-page","status-publish","hentry"],"yoast_head":"<!-- This site is optimized with the Yoast SEO plugin v27.3 - https:\/\/yoast.com\/product\/yoast-seo-wordpress\/ -->\n<title>V\u00e4lj din v\u00e5rd | ABC Ortopedi Operation<\/title>\n<meta name=\"description\" content=\"ABC Ortopedi Operation \u00e4r en dagkirurgisk ortopedmottagning f\u00f6r remisspatienter inom handkirurgi av Karpaltunnelsyndrom, Triggerfinger och Ganglion.\" \/>\n<meta name=\"robots\" content=\"index, follow, max-snippet:-1, max-image-preview:large, max-video-preview:-1\" \/>\n<link rel=\"canonical\" href=\"https:\/\/operation.abcortopedi.se\/en\/valj-din-vard-2\/\" \/>\n<meta property=\"og:locale\" content=\"en_US\" \/>\n<meta property=\"og:type\" content=\"article\" \/>\n<meta property=\"og:title\" content=\"V\u00e4lj din v\u00e5rd | ABC Ortopedi Operation\" \/>\n<meta property=\"og:description\" content=\"ABC Ortopedi Operation \u00e4r en dagkirurgisk ortopedmottagning f\u00f6r remisspatienter inom handkirurgi av Karpaltunnelsyndrom, Triggerfinger och Ganglion.\" \/>\n<meta property=\"og:url\" content=\"https:\/\/operation.abcortopedi.se\/en\/valj-din-vard-2\/\" \/>\n<meta property=\"og:site_name\" content=\"ABC Ortopedi Operation\" \/>\n<meta property=\"article:modified_time\" content=\"2024-10-10T12:20:59+00:00\" \/>\n<meta property=\"og:image\" content=\"https:\/\/operation.abcortopedi.se\/wp-content\/uploads\/2022\/01\/ABC_Ortopedi_logo-Header.png\" \/>\n\t<meta property=\"og:image:width\" content=\"400\" \/>\n\t<meta property=\"og:image:height\" content=\"70\" \/>\n\t<meta property=\"og:image:type\" content=\"image\/png\" \/>\n<meta name=\"twitter:card\" content=\"summary_large_image\" \/>\n<meta name=\"twitter:label1\" content=\"Est. reading time\" \/>\n\t<meta name=\"twitter:data1\" content=\"1 minute\" \/>\n<script type=\"application\/ld+json\" class=\"yoast-schema-graph\">{\"@context\":\"https:\\\/\\\/schema.org\",\"@graph\":[{\"@type\":\"WebPage\",\"@id\":\"https:\\\/\\\/operation.abcortopedi.se\\\/valj-din-vard-2\\\/\",\"url\":\"https:\\\/\\\/operation.abcortopedi.se\\\/valj-din-vard-2\\\/\",\"name\":\"V\u00e4lj din v\u00e5rd | ABC Ortopedi Operation\",\"isPartOf\":{\"@id\":\"https:\\\/\\\/operation.abcortopedi.se\\\/#website\"},\"primaryImageOfPage\":{\"@id\":\"https:\\\/\\\/operation.abcortopedi.se\\\/valj-din-vard-2\\\/#primaryimage\"},\"image\":{\"@id\":\"https:\\\/\\\/operation.abcortopedi.se\\\/valj-din-vard-2\\\/#primaryimage\"},\"thumbnailUrl\":\"https:\\\/\\\/operation.abcortopedi.se\\\/wp-content\\\/uploads\\\/2022\\\/01\\\/ABC_Ortopedi_logo-Header.png\",\"datePublished\":\"2024-10-10T09:50:53+00:00\",\"dateModified\":\"2024-10-10T12:20:59+00:00\",\"description\":\"ABC Ortopedi Operation \u00e4r en dagkirurgisk ortopedmottagning f\u00f6r remisspatienter inom handkirurgi av Karpaltunnelsyndrom, Triggerfinger och Ganglion.\",\"breadcrumb\":{\"@id\":\"https:\\\/\\\/operation.abcortopedi.se\\\/valj-din-vard-2\\\/#breadcrumb\"},\"inLanguage\":\"en-US\",\"potentialAction\":[{\"@type\":\"ReadAction\",\"target\":[\"https:\\\/\\\/operation.abcortopedi.se\\\/valj-din-vard-2\\\/\"]}]},{\"@type\":\"ImageObject\",\"inLanguage\":\"en-US\",\"@id\":\"https:\\\/\\\/operation.abcortopedi.se\\\/valj-din-vard-2\\\/#primaryimage\",\"url\":\"https:\\\/\\\/operation.abcortopedi.se\\\/wp-content\\\/uploads\\\/2022\\\/01\\\/ABC_Ortopedi_logo-Header.png\",\"contentUrl\":\"https:\\\/\\\/operation.abcortopedi.se\\\/wp-content\\\/uploads\\\/2022\\\/01\\\/ABC_Ortopedi_logo-Header.png\"},{\"@type\":\"BreadcrumbList\",\"@id\":\"https:\\\/\\\/operation.abcortopedi.se\\\/valj-din-vard-2\\\/#breadcrumb\",\"itemListElement\":[{\"@type\":\"ListItem\",\"position\":1,\"name\":\"Hem\",\"item\":\"https:\\\/\\\/operation.abcortopedi.se\\\/\"},{\"@type\":\"ListItem\",\"position\":2,\"name\":\"V\u00e4lj din v\u00e5rd\"}]},{\"@type\":\"WebSite\",\"@id\":\"https:\\\/\\\/operation.abcortopedi.se\\\/#website\",\"url\":\"https:\\\/\\\/operation.abcortopedi.se\\\/\",\"name\":\"ABC Ortopedi Operation\",\"description\":\"Handkirurgi f\u00f6r patienter med remiss\",\"publisher\":{\"@id\":\"https:\\\/\\\/operation.abcortopedi.se\\\/#organization\"},\"potentialAction\":[{\"@type\":\"SearchAction\",\"target\":{\"@type\":\"EntryPoint\",\"urlTemplate\":\"https:\\\/\\\/operation.abcortopedi.se\\\/?s={search_term_string}\"},\"query-input\":{\"@type\":\"PropertyValueSpecification\",\"valueRequired\":true,\"valueName\":\"search_term_string\"}}],\"inLanguage\":\"en-US\"},{\"@type\":\"Organization\",\"@id\":\"https:\\\/\\\/operation.abcortopedi.se\\\/#organization\",\"name\":\"ABC Ortopedi Operation\",\"url\":\"https:\\\/\\\/operation.abcortopedi.se\\\/\",\"logo\":{\"@type\":\"ImageObject\",\"inLanguage\":\"en-US\",\"@id\":\"https:\\\/\\\/operation.abcortopedi.se\\\/#\\\/schema\\\/logo\\\/image\\\/\",\"url\":\"https:\\\/\\\/operation.abcortopedi.se\\\/wp-content\\\/uploads\\\/2023\\\/11\\\/ABC_Ortopedi-Operation-COMP.webp\",\"contentUrl\":\"https:\\\/\\\/operation.abcortopedi.se\\\/wp-content\\\/uploads\\\/2023\\\/11\\\/ABC_Ortopedi-Operation-COMP.webp\",\"width\":360,\"height\":99,\"caption\":\"ABC Ortopedi Operation\"},\"image\":{\"@id\":\"https:\\\/\\\/operation.abcortopedi.se\\\/#\\\/schema\\\/logo\\\/image\\\/\"}}]}<\/script>\n<!-- \/ Yoast SEO plugin. -->","yoast_head_json":{"title":"V\u00e4lj din v\u00e5rd | ABC Ortopedi Operation","description":"ABC Ortopedi Operation \u00e4r en dagkirurgisk ortopedmottagning f\u00f6r remisspatienter inom handkirurgi av Karpaltunnelsyndrom, Triggerfinger och Ganglion.","robots":{"index":"index","follow":"follow","max-snippet":"max-snippet:-1","max-image-preview":"max-image-preview:large","max-video-preview":"max-video-preview:-1"},"canonical":"https:\/\/operation.abcortopedi.se\/en\/valj-din-vard-2\/","og_locale":"en_US","og_type":"article","og_title":"V\u00e4lj din v\u00e5rd | ABC Ortopedi Operation","og_description":"ABC Ortopedi Operation \u00e4r en dagkirurgisk ortopedmottagning f\u00f6r remisspatienter inom handkirurgi av Karpaltunnelsyndrom, Triggerfinger och Ganglion.","og_url":"https:\/\/operation.abcortopedi.se\/en\/valj-din-vard-2\/","og_site_name":"ABC Ortopedi Operation","article_modified_time":"2024-10-10T12:20:59+00:00","og_image":[{"width":400,"height":70,"url":"https:\/\/operation.abcortopedi.se\/wp-content\/uploads\/2022\/01\/ABC_Ortopedi_logo-Header.png","type":"image\/png"}],"twitter_card":"summary_large_image","twitter_misc":{"Est. reading time":"1 minute"},"schema":{"@context":"https:\/\/schema.org","@graph":[{"@type":"WebPage","@id":"https:\/\/operation.abcortopedi.se\/valj-din-vard-2\/","url":"https:\/\/operation.abcortopedi.se\/valj-din-vard-2\/","name":"V\u00e4lj din v\u00e5rd | ABC Ortopedi Operation","isPartOf":{"@id":"https:\/\/operation.abcortopedi.se\/#website"},"primaryImageOfPage":{"@id":"https:\/\/operation.abcortopedi.se\/valj-din-vard-2\/#primaryimage"},"image":{"@id":"https:\/\/operation.abcortopedi.se\/valj-din-vard-2\/#primaryimage"},"thumbnailUrl":"https:\/\/operation.abcortopedi.se\/wp-content\/uploads\/2022\/01\/ABC_Ortopedi_logo-Header.png","datePublished":"2024-10-10T09:50:53+00:00","dateModified":"2024-10-10T12:20:59+00:00","description":"ABC Ortopedi Operation \u00e4r en dagkirurgisk ortopedmottagning f\u00f6r remisspatienter inom handkirurgi av Karpaltunnelsyndrom, Triggerfinger och Ganglion.","breadcrumb":{"@id":"https:\/\/operation.abcortopedi.se\/valj-din-vard-2\/#breadcrumb"},"inLanguage":"en-US","potentialAction":[{"@type":"ReadAction","target":["https:\/\/operation.abcortopedi.se\/valj-din-vard-2\/"]}]},{"@type":"ImageObject","inLanguage":"en-US","@id":"https:\/\/operation.abcortopedi.se\/valj-din-vard-2\/#primaryimage","url":"https:\/\/operation.abcortopedi.se\/wp-content\/uploads\/2022\/01\/ABC_Ortopedi_logo-Header.png","contentUrl":"https:\/\/operation.abcortopedi.se\/wp-content\/uploads\/2022\/01\/ABC_Ortopedi_logo-Header.png"},{"@type":"BreadcrumbList","@id":"https:\/\/operation.abcortopedi.se\/valj-din-vard-2\/#breadcrumb","itemListElement":[{"@type":"ListItem","position":1,"name":"Hem","item":"https:\/\/operation.abcortopedi.se\/"},{"@type":"ListItem","position":2,"name":"V\u00e4lj din v\u00e5rd"}]},{"@type":"WebSite","@id":"https:\/\/operation.abcortopedi.se\/#website","url":"https:\/\/operation.abcortopedi.se\/","name":"ABC Ortopedi Operation","description":"Handkirurgi f\u00f6r patienter med remiss","publisher":{"@id":"https:\/\/operation.abcortopedi.se\/#organization"},"potentialAction":[{"@type":"SearchAction","target":{"@type":"EntryPoint","urlTemplate":"https:\/\/operation.abcortopedi.se\/?s={search_term_string}"},"query-input":{"@type":"PropertyValueSpecification","valueRequired":true,"valueName":"search_term_string"}}],"inLanguage":"en-US"},{"@type":"Organization","@id":"https:\/\/operation.abcortopedi.se\/#organization","name":"ABC Ortopedi Operation","url":"https:\/\/operation.abcortopedi.se\/","logo":{"@type":"ImageObject","inLanguage":"en-US","@id":"https:\/\/operation.abcortopedi.se\/#\/schema\/logo\/image\/","url":"https:\/\/operation.abcortopedi.se\/wp-content\/uploads\/2023\/11\/ABC_Ortopedi-Operation-COMP.webp","contentUrl":"https:\/\/operation.abcortopedi.se\/wp-content\/uploads\/2023\/11\/ABC_Ortopedi-Operation-COMP.webp","width":360,"height":99,"caption":"ABC Ortopedi Operation"},"image":{"@id":"https:\/\/operation.abcortopedi.se\/#\/schema\/logo\/image\/"}}]}},"_links":{"self":[{"href":"https:\/\/operation.abcortopedi.se\/en\/wp-json\/wp\/v2\/pages\/2378","targetHints":{"allow":["GET"]}}],"collection":[{"href":"https:\/\/operation.abcortopedi.se\/en\/wp-json\/wp\/v2\/pages"}],"about":[{"href":"https:\/\/operation.abcortopedi.se\/en\/wp-json\/wp\/v2\/types\/page"}],"author":[{"embeddable":true,"href":"https:\/\/operation.abcortopedi.se\/en\/wp-json\/wp\/v2\/users\/1"}],"replies":[{"embeddable":true,"href":"https:\/\/operation.abcortopedi.se\/en\/wp-json\/wp\/v2\/comments?post=2378"}],"version-history":[{"count":5,"href":"https:\/\/operation.abcortopedi.se\/en\/wp-json\/wp\/v2\/pages\/2378\/revisions"}],"predecessor-version":[{"id":2414,"href":"https:\/\/operation.abcortopedi.se\/en\/wp-json\/wp\/v2\/pages\/2378\/revisions\/2414"}],"wp:attachment":[{"href":"https:\/\/operation.abcortopedi.se\/en\/wp-json\/wp\/v2\/media?parent=2378"}],"curies":[{"name":"wp","href":"https:\/\/api.w.org\/{rel}","templated":true}]}}