{"id":1045,"date":"2023-11-17T21:39:07","date_gmt":"2023-11-17T20:39:07","guid":{"rendered":"https:\/\/operation.abcortopedi.se\/?page_id=1045"},"modified":"2025-11-11T11:53:28","modified_gmt":"2025-11-11T10:53:28","slug":"om-oss","status":"publish","type":"page","link":"https:\/\/operation.abcortopedi.se\/en\/om-oss\/","title":{"rendered":"Om oss"},"content":{"rendered":"<div data-elementor-type=\"wp-page\" data-elementor-id=\"1045\" class=\"elementor elementor-1045\" data-elementor-post-type=\"page\">\n\t\t\t\t\t\t<section class=\"elementor-section elementor-top-section elementor-element elementor-element-5b527300 elementor-section-height-min-height elementor-section-items-stretch elementor-section-boxed elementor-section-height-default\" data-id=\"5b527300\" data-element_type=\"section\" data-e-type=\"section\">\n\t\t\t\t\t\t<div class=\"elementor-container elementor-column-gap-default\">\n\t\t\t\t\t<div class=\"elementor-column elementor-col-100 elementor-top-column elementor-element elementor-element-33614d0\" data-id=\"33614d0\" data-element_type=\"column\" data-e-type=\"column\" data-settings=\"{&quot;background_background&quot;:&quot;classic&quot;}\">\n\t\t\t<div class=\"elementor-widget-wrap elementor-element-populated\">\n\t\t\t\t\t\t<div class=\"elementor-element elementor-element-1ef90e79 elementor-widget elementor-widget-heading\" data-id=\"1ef90e79\" data-element_type=\"widget\" data-e-type=\"widget\" data-widget_type=\"heading.default\">\n\t\t\t\t<div class=\"elementor-widget-container\">\n\t\t\t\t\t<h1 class=\"elementor-heading-title elementor-size-default\">ABC Ortopedi<br>\nSurgery<\/h1>\t\t\t\t<\/div>\n\t\t\t\t<\/div>\n\t\t\t\t<div class=\"elementor-element elementor-element-5460ee37 elementor-widget__width-initial elementor-widget-mobile__width-initial elementor-widget elementor-widget-text-editor\" data-id=\"5460ee37\" data-element_type=\"widget\" data-e-type=\"widget\" data-widget_type=\"text-editor.default\">\n\t\t\t\t<div class=\"elementor-widget-container\">\n\t\t\t\t\t\t\t\t\t<p>ABC Ortopedi Surgery is a day surgery orthopedic clinic specializing in hand surgery for Carpal Tunnel Syndrome and Trigger Finger. To become a patient with us, a referral is required from, for example, your healthcare center or an emergency clinic.<\/p>\t\t\t\t\t\t\t\t<\/div>\n\t\t\t\t<\/div>\n\t\t\t\t\t<\/div>\n\t\t<\/div>\n\t\t\t\t\t<\/div>\n\t\t<\/section>\n\t\t\t\t<section class=\"elementor-section elementor-top-section elementor-element elementor-element-7aac8765 elementor-section-boxed elementor-section-height-default elementor-section-height-default\" data-id=\"7aac8765\" data-element_type=\"section\" data-e-type=\"section\">\n\t\t\t\t\t\t<div class=\"elementor-container elementor-column-gap-default\">\n\t\t\t\t\t<div class=\"elementor-column elementor-col-100 elementor-top-column elementor-element elementor-element-6b07d686\" data-id=\"6b07d686\" data-element_type=\"column\" data-e-type=\"column\">\n\t\t\t<div class=\"elementor-widget-wrap elementor-element-populated\">\n\t\t\t\t\t\t<div class=\"elementor-element elementor-element-20491e0 elementor-widget elementor-widget-heading\" data-id=\"20491e0\" data-element_type=\"widget\" data-e-type=\"widget\" id=\"ditt-besok\" data-widget_type=\"heading.default\">\n\t\t\t\t<div class=\"elementor-widget-container\">\n\t\t\t\t\t<h2 class=\"elementor-heading-title elementor-size-default\">Management<\/h2>\t\t\t\t<\/div>\n\t\t\t\t<\/div>\n\t\t\t\t<section class=\"elementor-section elementor-inner-section elementor-element elementor-element-97e4821 elementor-section-boxed elementor-section-height-default elementor-section-height-default\" data-id=\"97e4821\" data-element_type=\"section\" data-e-type=\"section\">\n\t\t\t\t\t\t<div class=\"elementor-container elementor-column-gap-default\">\n\t\t\t\t\t<div class=\"elementor-column elementor-col-50 elementor-inner-column elementor-element elementor-element-3ce7a11\" data-id=\"3ce7a11\" data-element_type=\"column\" data-e-type=\"column\">\n\t\t\t<div class=\"elementor-widget-wrap elementor-element-populated\">\n\t\t\t\t\t\t<div class=\"elementor-element elementor-element-9689434 elementor-widget elementor-widget-image\" data-id=\"9689434\" data-element_type=\"widget\" data-e-type=\"widget\" data-widget_type=\"image.default\">\n\t\t\t\t<div class=\"elementor-widget-container\">\n\t\t\t\t\t\t\t\t\t\t\t\t\t\t\t<img fetchpriority=\"high\" decoding=\"async\" width=\"725\" height=\"724\" src=\"https:\/\/operation.abcortopedi.se\/wp-content\/uploads\/2024\/10\/ABC_Operation-Portrait-Fredrik-COMP.webp\" class=\"attachment-full size-full wp-image-2571\" alt=\"\" srcset=\"https:\/\/operation.abcortopedi.se\/wp-content\/uploads\/2024\/10\/ABC_Operation-Portrait-Fredrik-COMP.webp 725w, https:\/\/operation.abcortopedi.se\/wp-content\/uploads\/2024\/10\/ABC_Operation-Portrait-Fredrik-COMP-487x487.webp 487w, https:\/\/operation.abcortopedi.se\/wp-content\/uploads\/2024\/10\/ABC_Operation-Portrait-Fredrik-COMP-150x150.webp 150w\" sizes=\"(max-width: 725px) 100vw, 725px\" \/>\t\t\t\t\t\t\t\t\t\t\t\t\t\t\t<\/div>\n\t\t\t\t<\/div>\n\t\t\t\t<div class=\"elementor-element elementor-element-e6d7d5e elementor-widget-mobile__width-inherit elementor-widget elementor-widget-text-editor\" data-id=\"e6d7d5e\" data-element_type=\"widget\" data-e-type=\"widget\" data-widget_type=\"text-editor.default\">\n\t\t\t\t<div class=\"elementor-widget-container\">\n\t\t\t\t\t\t\t\t\t<p>Fredrik Fr\u00f6jd<br \/>M.D. Chief Physician, Specialist in Orthopedics<\/p><p>Fredrik specializes primarily in hand and elbow surgery but has extensive orthopedic surgical experience in fracture surgery, forefoot surgery, and joint replacement surgery for the hip and elbow. He previously worked as a chief physician at Capio St. G\u00f6ran\u2019s Hospital Orthopedic Clinic, where he was responsible for hand surgery, and is currently working at Atleva Handcenter Stockholm. He also serves as a physician for SVEMO at international motorcycle events.<\/p>\t\t\t\t\t\t\t\t<\/div>\n\t\t\t\t<\/div>\n\t\t\t\t\t<\/div>\n\t\t<\/div>\n\t\t\t\t<div class=\"elementor-column elementor-col-50 elementor-inner-column elementor-element elementor-element-d1b3232\" data-id=\"d1b3232\" data-element_type=\"column\" data-e-type=\"column\">\n\t\t\t<div class=\"elementor-widget-wrap elementor-element-populated\">\n\t\t\t\t\t\t<div class=\"elementor-element elementor-element-e973beb elementor-widget elementor-widget-image\" data-id=\"e973beb\" data-element_type=\"widget\" data-e-type=\"widget\" data-widget_type=\"image.default\">\n\t\t\t\t<div class=\"elementor-widget-container\">\n\t\t\t\t\t\t\t\t\t\t\t\t\t\t\t<img decoding=\"async\" width=\"725\" height=\"724\" src=\"https:\/\/operation.abcortopedi.se\/wp-content\/uploads\/2024\/10\/ABC_Operation-Portrait-Marten-COMP.webp\" class=\"attachment-full size-full wp-image-2570\" alt=\"\" srcset=\"https:\/\/operation.abcortopedi.se\/wp-content\/uploads\/2024\/10\/ABC_Operation-Portrait-Marten-COMP.webp 725w, https:\/\/operation.abcortopedi.se\/wp-content\/uploads\/2024\/10\/ABC_Operation-Portrait-Marten-COMP-487x487.webp 487w, https:\/\/operation.abcortopedi.se\/wp-content\/uploads\/2024\/10\/ABC_Operation-Portrait-Marten-COMP-150x150.webp 150w\" sizes=\"(max-width: 725px) 100vw, 725px\" \/>\t\t\t\t\t\t\t\t\t\t\t\t\t\t\t<\/div>\n\t\t\t\t<\/div>\n\t\t\t\t<div class=\"elementor-element elementor-element-8fa8424 elementor-widget-mobile__width-inherit elementor-widget elementor-widget-text-editor\" data-id=\"8fa8424\" data-element_type=\"widget\" data-e-type=\"widget\" data-widget_type=\"text-editor.default\">\n\t\t\t\t<div class=\"elementor-widget-container\">\n\t\t\t\t\t\t\t\t\t<p>M\u00e5rten Magnusson<br \/>M.D. Chief Physician in Orthopedics<\/p>\t\t\t\t\t\t\t\t<\/div>\n\t\t\t\t<\/div>\n\t\t\t\t\t<\/div>\n\t\t<\/div>\n\t\t\t\t\t<\/div>\n\t\t<\/section>\n\t\t\t\t<section class=\"elementor-section elementor-inner-section elementor-element elementor-element-99099b4 elementor-section-boxed elementor-section-height-default elementor-section-height-default\" data-id=\"99099b4\" data-element_type=\"section\" data-e-type=\"section\">\n\t\t\t\t\t\t<div class=\"elementor-container elementor-column-gap-default\">\n\t\t\t\t\t<div class=\"elementor-column elementor-col-50 elementor-inner-column elementor-element elementor-element-2ecaa25\" data-id=\"2ecaa25\" data-element_type=\"column\" data-e-type=\"column\">\n\t\t\t<div class=\"elementor-widget-wrap elementor-element-populated\">\n\t\t\t\t\t\t<div class=\"elementor-element elementor-element-75c4468 elementor-widget elementor-widget-image\" data-id=\"75c4468\" data-element_type=\"widget\" data-e-type=\"widget\" data-widget_type=\"image.default\">\n\t\t\t\t<div class=\"elementor-widget-container\">\n\t\t\t\t\t\t\t\t\t\t\t\t\t\t\t<img decoding=\"async\" width=\"724\" height=\"724\" src=\"https:\/\/operation.abcortopedi.se\/wp-content\/uploads\/2024\/10\/1-ABC_Operation-Portrait-Susanne-COMP.webp\" class=\"attachment-full size-full wp-image-2573\" alt=\"\" srcset=\"https:\/\/operation.abcortopedi.se\/wp-content\/uploads\/2024\/10\/1-ABC_Operation-Portrait-Susanne-COMP.webp 724w, https:\/\/operation.abcortopedi.se\/wp-content\/uploads\/2024\/10\/1-ABC_Operation-Portrait-Susanne-COMP-487x487.webp 487w, https:\/\/operation.abcortopedi.se\/wp-content\/uploads\/2024\/10\/1-ABC_Operation-Portrait-Susanne-COMP-150x150.webp 150w\" sizes=\"(max-width: 724px) 100vw, 724px\" \/>\t\t\t\t\t\t\t\t\t\t\t\t\t\t\t<\/div>\n\t\t\t\t<\/div>\n\t\t\t\t<div class=\"elementor-element elementor-element-ed9a6ea elementor-widget-mobile__width-inherit elementor-widget elementor-widget-text-editor\" data-id=\"ed9a6ea\" data-element_type=\"widget\" data-e-type=\"widget\" data-widget_type=\"text-editor.default\">\n\t\t\t\t<div class=\"elementor-widget-container\">\n\t\t\t\t\t\t\t\t\t<p>Susanne Sj\u00f6qvist<br \/>Operations Manager<\/p><p>Has worked for 25 years in Region Stockholm, primarily as a coordinator in primary care, including home healthcare, asylum health services, and laboratory operations.<\/p>\t\t\t\t\t\t\t\t<\/div>\n\t\t\t\t<\/div>\n\t\t\t\t\t<\/div>\n\t\t<\/div>\n\t\t\t\t<div class=\"elementor-column elementor-col-50 elementor-inner-column elementor-element elementor-element-7863374\" data-id=\"7863374\" data-element_type=\"column\" data-e-type=\"column\">\n\t\t\t<div class=\"elementor-widget-wrap elementor-element-populated\">\n\t\t\t\t\t\t<div class=\"elementor-element elementor-element-f612f62 elementor-widget elementor-widget-image\" data-id=\"f612f62\" data-element_type=\"widget\" data-e-type=\"widget\" data-widget_type=\"image.default\">\n\t\t\t\t<div class=\"elementor-widget-container\">\n\t\t\t\t\t\t\t\t\t\t\t\t\t\t\t<img loading=\"lazy\" decoding=\"async\" width=\"724\" height=\"724\" src=\"https:\/\/operation.abcortopedi.se\/wp-content\/uploads\/2023\/11\/ABC-Ortopedi-Portrait-Fredrik-COMP@2x.webp\" class=\"attachment-full size-full wp-image-1532\" alt=\"Image of Fredrik Swedin\" srcset=\"https:\/\/operation.abcortopedi.se\/wp-content\/uploads\/2023\/11\/ABC-Ortopedi-Portrait-Fredrik-COMP@2x.webp 724w, https:\/\/operation.abcortopedi.se\/wp-content\/uploads\/2023\/11\/ABC-Ortopedi-Portrait-Fredrik-COMP@2x-487x487.webp 487w, https:\/\/operation.abcortopedi.se\/wp-content\/uploads\/2023\/11\/ABC-Ortopedi-Portrait-Fredrik-COMP@2x-150x150.webp 150w, https:\/\/operation.abcortopedi.se\/wp-content\/uploads\/2023\/11\/ABC-Ortopedi-Portrait-Fredrik-COMP@2x-12x12.webp 12w\" sizes=\"(max-width: 724px) 100vw, 724px\" \/>\t\t\t\t\t\t\t\t\t\t\t\t\t\t\t<\/div>\n\t\t\t\t<\/div>\n\t\t\t\t<div class=\"elementor-element elementor-element-a5da643 elementor-widget-mobile__width-inherit elementor-widget elementor-widget-text-editor\" data-id=\"a5da643\" data-element_type=\"widget\" data-e-type=\"widget\" data-widget_type=\"text-editor.default\">\n\t\t\t\t<div class=\"elementor-widget-container\">\n\t\t\t\t\t\t\t\t\t<p>Fredrik Swedin<br \/>Chairman of the Board<\/p><p>Lawyer and economist, educated at Stockholm University. Former COO and CFO at Bounce-Group, Elk-Group, and Magnolia Bostad, with additional financial leadership roles at Investor AB.<\/p>\t\t\t\t\t\t\t\t<\/div>\n\t\t\t\t<\/div>\n\t\t\t\t\t<\/div>\n\t\t<\/div>\n\t\t\t\t\t<\/div>\n\t\t<\/section>\n\t\t\t\t\t<\/div>\n\t\t<\/div>\n\t\t\t\t\t<\/div>\n\t\t<\/section>\n\t\t\t\t<\/div>","protected":false},"excerpt":{"rendered":"<p>ABC Ortopedi Operation ABC Ortopedi Operation \u00e4r en dagkirurgisk ortopedmottagning inom handkirurgi f\u00f6r karpaltunnelsyndrom och triggerfinger. F\u00f6r att bli patient hos oss kr\u00e4vs en remiss fr\u00e5n tex din v\u00e5rdcentral eller en n\u00e4rakut. Ledningen Fredrik Fr\u00f6jdM.D \u00d6verl\u00e4kare, specialist i ortopedi Fredrik \u00e4r framf\u00f6rallt inriktad p\u00e5 hand- och armb\u00e5gskirurgi men har en bred ortopedkirurgisk erfarenhet av frakturkirurgi, [&hellip;]<\/p>\n","protected":false},"author":1,"featured_media":0,"parent":0,"menu_order":0,"comment_status":"closed","ping_status":"closed","template":"elementor_header_footer","meta":{"_monsterinsights_skip_tracking":false,"_monsterinsights_sitenote_active":false,"_monsterinsights_sitenote_note":"","_monsterinsights_sitenote_category":0,"footnotes":""},"class_list":["post-1045","page","type-page","status-publish","hentry"],"yoast_head":"<!-- This site is optimized with the Yoast SEO plugin v27.5 - https:\/\/yoast.com\/product\/yoast-seo-wordpress\/ -->\n<title>Om oss | ABC Ortopedi Operation<\/title>\n<meta name=\"description\" content=\"ABC Ortopedi Operation \u00e4r en dagkirurgisk ortopedmottagning f\u00f6r remisspatienter inom handkirurgi av Karpaltunnelsyndrom, Triggerfinger och Ganglion.\" \/>\n<meta name=\"robots\" content=\"index, follow, max-snippet:-1, max-image-preview:large, max-video-preview:-1\" \/>\n<link rel=\"canonical\" href=\"https:\/\/operation.abcortopedi.se\/en\/om-oss\/\" \/>\n<meta property=\"og:locale\" content=\"en_US\" \/>\n<meta property=\"og:type\" content=\"article\" \/>\n<meta property=\"og:title\" content=\"Om oss | ABC Ortopedi Operation\" \/>\n<meta property=\"og:description\" content=\"ABC Ortopedi Operation \u00e4r en dagkirurgisk ortopedmottagning f\u00f6r remisspatienter inom handkirurgi av Karpaltunnelsyndrom, Triggerfinger och Ganglion.\" \/>\n<meta property=\"og:url\" content=\"https:\/\/operation.abcortopedi.se\/en\/om-oss\/\" \/>\n<meta property=\"og:site_name\" content=\"ABC Ortopedi Operation\" \/>\n<meta property=\"article:modified_time\" content=\"2025-11-11T10:53:28+00:00\" \/>\n<meta property=\"og:image\" content=\"https:\/\/operation.abcortopedi.se\/wp-content\/uploads\/2024\/10\/ABC_Operation-Portrait-Fredrik-COMP.webp\" \/>\n\t<meta property=\"og:image:width\" content=\"725\" \/>\n\t<meta property=\"og:image:height\" content=\"724\" \/>\n\t<meta property=\"og:image:type\" content=\"image\/webp\" \/>\n<meta name=\"twitter:card\" content=\"summary_large_image\" \/>\n<meta name=\"twitter:label1\" content=\"Est. reading time\" \/>\n\t<meta name=\"twitter:data1\" content=\"2 minutes\" \/>\n<script type=\"application\/ld+json\" class=\"yoast-schema-graph\">{\"@context\":\"https:\\\/\\\/schema.org\",\"@graph\":[{\"@type\":\"WebPage\",\"@id\":\"https:\\\/\\\/operation.abcortopedi.se\\\/om-oss\\\/\",\"url\":\"https:\\\/\\\/operation.abcortopedi.se\\\/om-oss\\\/\",\"name\":\"Om oss | ABC Ortopedi Operation\",\"isPartOf\":{\"@id\":\"https:\\\/\\\/operation.abcortopedi.se\\\/#website\"},\"primaryImageOfPage\":{\"@id\":\"https:\\\/\\\/operation.abcortopedi.se\\\/om-oss\\\/#primaryimage\"},\"image\":{\"@id\":\"https:\\\/\\\/operation.abcortopedi.se\\\/om-oss\\\/#primaryimage\"},\"thumbnailUrl\":\"https:\\\/\\\/operation.abcortopedi.se\\\/wp-content\\\/uploads\\\/2024\\\/10\\\/ABC_Operation-Portrait-Fredrik-COMP.webp\",\"datePublished\":\"2023-11-17T20:39:07+00:00\",\"dateModified\":\"2025-11-11T10:53:28+00:00\",\"description\":\"ABC Ortopedi Operation \u00e4r en dagkirurgisk ortopedmottagning f\u00f6r remisspatienter inom handkirurgi av Karpaltunnelsyndrom, Triggerfinger och Ganglion.\",\"breadcrumb\":{\"@id\":\"https:\\\/\\\/operation.abcortopedi.se\\\/om-oss\\\/#breadcrumb\"},\"inLanguage\":\"en-US\",\"potentialAction\":[{\"@type\":\"ReadAction\",\"target\":[\"https:\\\/\\\/operation.abcortopedi.se\\\/om-oss\\\/\"]}]},{\"@type\":\"ImageObject\",\"inLanguage\":\"en-US\",\"@id\":\"https:\\\/\\\/operation.abcortopedi.se\\\/om-oss\\\/#primaryimage\",\"url\":\"https:\\\/\\\/operation.abcortopedi.se\\\/wp-content\\\/uploads\\\/2024\\\/10\\\/ABC_Operation-Portrait-Fredrik-COMP.webp\",\"contentUrl\":\"https:\\\/\\\/operation.abcortopedi.se\\\/wp-content\\\/uploads\\\/2024\\\/10\\\/ABC_Operation-Portrait-Fredrik-COMP.webp\"},{\"@type\":\"BreadcrumbList\",\"@id\":\"https:\\\/\\\/operation.abcortopedi.se\\\/om-oss\\\/#breadcrumb\",\"itemListElement\":[{\"@type\":\"ListItem\",\"position\":1,\"name\":\"Hem\",\"item\":\"https:\\\/\\\/operation.abcortopedi.se\\\/\"},{\"@type\":\"ListItem\",\"position\":2,\"name\":\"Om oss\"}]},{\"@type\":\"WebSite\",\"@id\":\"https:\\\/\\\/operation.abcortopedi.se\\\/#website\",\"url\":\"https:\\\/\\\/operation.abcortopedi.se\\\/\",\"name\":\"ABC Ortopedi Operation\",\"description\":\"Handkirurgi f\u00f6r patienter med remiss\",\"publisher\":{\"@id\":\"https:\\\/\\\/operation.abcortopedi.se\\\/#organization\"},\"potentialAction\":[{\"@type\":\"SearchAction\",\"target\":{\"@type\":\"EntryPoint\",\"urlTemplate\":\"https:\\\/\\\/operation.abcortopedi.se\\\/?s={search_term_string}\"},\"query-input\":{\"@type\":\"PropertyValueSpecification\",\"valueRequired\":true,\"valueName\":\"search_term_string\"}}],\"inLanguage\":\"en-US\"},{\"@type\":\"Organization\",\"@id\":\"https:\\\/\\\/operation.abcortopedi.se\\\/#organization\",\"name\":\"ABC Ortopedi Operation\",\"url\":\"https:\\\/\\\/operation.abcortopedi.se\\\/\",\"logo\":{\"@type\":\"ImageObject\",\"inLanguage\":\"en-US\",\"@id\":\"https:\\\/\\\/operation.abcortopedi.se\\\/#\\\/schema\\\/logo\\\/image\\\/\",\"url\":\"https:\\\/\\\/operation.abcortopedi.se\\\/wp-content\\\/uploads\\\/2023\\\/11\\\/ABC_Ortopedi-Operation-COMP.webp\",\"contentUrl\":\"https:\\\/\\\/operation.abcortopedi.se\\\/wp-content\\\/uploads\\\/2023\\\/11\\\/ABC_Ortopedi-Operation-COMP.webp\",\"width\":360,\"height\":99,\"caption\":\"ABC Ortopedi Operation\"},\"image\":{\"@id\":\"https:\\\/\\\/operation.abcortopedi.se\\\/#\\\/schema\\\/logo\\\/image\\\/\"}}]}<\/script>\n<!-- \/ Yoast SEO plugin. -->","yoast_head_json":{"title":"Om oss | ABC Ortopedi Operation","description":"ABC Ortopedi Operation \u00e4r en dagkirurgisk ortopedmottagning f\u00f6r remisspatienter inom handkirurgi av Karpaltunnelsyndrom, Triggerfinger och Ganglion.","robots":{"index":"index","follow":"follow","max-snippet":"max-snippet:-1","max-image-preview":"max-image-preview:large","max-video-preview":"max-video-preview:-1"},"canonical":"https:\/\/operation.abcortopedi.se\/en\/om-oss\/","og_locale":"en_US","og_type":"article","og_title":"Om oss | ABC Ortopedi Operation","og_description":"ABC Ortopedi Operation \u00e4r en dagkirurgisk ortopedmottagning f\u00f6r remisspatienter inom handkirurgi av Karpaltunnelsyndrom, Triggerfinger och Ganglion.","og_url":"https:\/\/operation.abcortopedi.se\/en\/om-oss\/","og_site_name":"ABC Ortopedi Operation","article_modified_time":"2025-11-11T10:53:28+00:00","og_image":[{"width":725,"height":724,"url":"https:\/\/operation.abcortopedi.se\/wp-content\/uploads\/2024\/10\/ABC_Operation-Portrait-Fredrik-COMP.webp","type":"image\/webp"}],"twitter_card":"summary_large_image","twitter_misc":{"Est. reading time":"2 minutes"},"schema":{"@context":"https:\/\/schema.org","@graph":[{"@type":"WebPage","@id":"https:\/\/operation.abcortopedi.se\/om-oss\/","url":"https:\/\/operation.abcortopedi.se\/om-oss\/","name":"Om oss | ABC Ortopedi Operation","isPartOf":{"@id":"https:\/\/operation.abcortopedi.se\/#website"},"primaryImageOfPage":{"@id":"https:\/\/operation.abcortopedi.se\/om-oss\/#primaryimage"},"image":{"@id":"https:\/\/operation.abcortopedi.se\/om-oss\/#primaryimage"},"thumbnailUrl":"https:\/\/operation.abcortopedi.se\/wp-content\/uploads\/2024\/10\/ABC_Operation-Portrait-Fredrik-COMP.webp","datePublished":"2023-11-17T20:39:07+00:00","dateModified":"2025-11-11T10:53:28+00:00","description":"ABC Ortopedi Operation \u00e4r en dagkirurgisk ortopedmottagning f\u00f6r remisspatienter inom handkirurgi av Karpaltunnelsyndrom, Triggerfinger och Ganglion.","breadcrumb":{"@id":"https:\/\/operation.abcortopedi.se\/om-oss\/#breadcrumb"},"inLanguage":"en-US","potentialAction":[{"@type":"ReadAction","target":["https:\/\/operation.abcortopedi.se\/om-oss\/"]}]},{"@type":"ImageObject","inLanguage":"en-US","@id":"https:\/\/operation.abcortopedi.se\/om-oss\/#primaryimage","url":"https:\/\/operation.abcortopedi.se\/wp-content\/uploads\/2024\/10\/ABC_Operation-Portrait-Fredrik-COMP.webp","contentUrl":"https:\/\/operation.abcortopedi.se\/wp-content\/uploads\/2024\/10\/ABC_Operation-Portrait-Fredrik-COMP.webp"},{"@type":"BreadcrumbList","@id":"https:\/\/operation.abcortopedi.se\/om-oss\/#breadcrumb","itemListElement":[{"@type":"ListItem","position":1,"name":"Hem","item":"https:\/\/operation.abcortopedi.se\/"},{"@type":"ListItem","position":2,"name":"Om oss"}]},{"@type":"WebSite","@id":"https:\/\/operation.abcortopedi.se\/#website","url":"https:\/\/operation.abcortopedi.se\/","name":"ABC Ortopedi Operation","description":"Handkirurgi f\u00f6r patienter med remiss","publisher":{"@id":"https:\/\/operation.abcortopedi.se\/#organization"},"potentialAction":[{"@type":"SearchAction","target":{"@type":"EntryPoint","urlTemplate":"https:\/\/operation.abcortopedi.se\/?s={search_term_string}"},"query-input":{"@type":"PropertyValueSpecification","valueRequired":true,"valueName":"search_term_string"}}],"inLanguage":"en-US"},{"@type":"Organization","@id":"https:\/\/operation.abcortopedi.se\/#organization","name":"ABC Ortopedi Operation","url":"https:\/\/operation.abcortopedi.se\/","logo":{"@type":"ImageObject","inLanguage":"en-US","@id":"https:\/\/operation.abcortopedi.se\/#\/schema\/logo\/image\/","url":"https:\/\/operation.abcortopedi.se\/wp-content\/uploads\/2023\/11\/ABC_Ortopedi-Operation-COMP.webp","contentUrl":"https:\/\/operation.abcortopedi.se\/wp-content\/uploads\/2023\/11\/ABC_Ortopedi-Operation-COMP.webp","width":360,"height":99,"caption":"ABC Ortopedi Operation"},"image":{"@id":"https:\/\/operation.abcortopedi.se\/#\/schema\/logo\/image\/"}}]}},"_links":{"self":[{"href":"https:\/\/operation.abcortopedi.se\/en\/wp-json\/wp\/v2\/pages\/1045","targetHints":{"allow":["GET"]}}],"collection":[{"href":"https:\/\/operation.abcortopedi.se\/en\/wp-json\/wp\/v2\/pages"}],"about":[{"href":"https:\/\/operation.abcortopedi.se\/en\/wp-json\/wp\/v2\/types\/page"}],"author":[{"embeddable":true,"href":"https:\/\/operation.abcortopedi.se\/en\/wp-json\/wp\/v2\/users\/1"}],"replies":[{"embeddable":true,"href":"https:\/\/operation.abcortopedi.se\/en\/wp-json\/wp\/v2\/comments?post=1045"}],"version-history":[{"count":5,"href":"https:\/\/operation.abcortopedi.se\/en\/wp-json\/wp\/v2\/pages\/1045\/revisions"}],"predecessor-version":[{"id":2745,"href":"https:\/\/operation.abcortopedi.se\/en\/wp-json\/wp\/v2\/pages\/1045\/revisions\/2745"}],"wp:attachment":[{"href":"https:\/\/operation.abcortopedi.se\/en\/wp-json\/wp\/v2\/media?parent=1045"}],"curies":[{"name":"wp","href":"https:\/\/api.w.org\/{rel}","templated":true}]}}