{"id":1038,"date":"2023-11-17T21:11:49","date_gmt":"2023-11-17T20:11:49","guid":{"rendered":"https:\/\/operation.abcortopedi.se\/?page_id=1038"},"modified":"2024-10-10T14:23:54","modified_gmt":"2024-10-10T12:23:54","slug":"kontakt","status":"publish","type":"page","link":"https:\/\/operation.abcortopedi.se\/en\/kontakt\/","title":{"rendered":"Contact"},"content":{"rendered":"<div data-elementor-type=\"wp-page\" data-elementor-id=\"1038\" class=\"elementor elementor-1038\" data-elementor-post-type=\"page\">\n\t\t\t\t\t\t<section class=\"elementor-section elementor-top-section elementor-element elementor-element-f0293f5 elementor-section-height-min-height elementor-section-items-stretch elementor-section-boxed elementor-section-height-default\" data-id=\"f0293f5\" data-element_type=\"section\" data-e-type=\"section\">\n\t\t\t\t\t\t<div class=\"elementor-container elementor-column-gap-default\">\n\t\t\t\t\t<div class=\"elementor-column elementor-col-100 elementor-top-column elementor-element elementor-element-d1ff3fe\" data-id=\"d1ff3fe\" data-element_type=\"column\" data-e-type=\"column\" data-settings=\"{&quot;background_background&quot;:&quot;classic&quot;}\">\n\t\t\t<div class=\"elementor-widget-wrap elementor-element-populated\">\n\t\t\t\t\t\t<div class=\"elementor-element elementor-element-e7593e8 elementor-widget elementor-widget-heading\" data-id=\"e7593e8\" data-element_type=\"widget\" data-e-type=\"widget\" data-widget_type=\"heading.default\">\n\t\t\t\t<div class=\"elementor-widget-container\">\n\t\t\t\t\t<h1 class=\"elementor-heading-title elementor-size-default\">Contact<\/h1>\t\t\t\t<\/div>\n\t\t\t\t<\/div>\n\t\t\t\t<div class=\"elementor-element elementor-element-060946a elementor-widget elementor-widget-template\" data-id=\"060946a\" data-element_type=\"widget\" data-e-type=\"widget\" data-widget_type=\"template.default\">\n\t\t\t\t<div class=\"elementor-widget-container\">\n\t\t\t\t\t\t\t<div class=\"elementor-template\">\n\t\t\t\t\t<div data-elementor-type=\"section\" data-elementor-id=\"2227\" class=\"elementor elementor-2227\" data-elementor-post-type=\"elementor_library\">\n\t\t\t\t\t<section class=\"elementor-section elementor-top-section elementor-element elementor-element-6731085d elementor-section-boxed elementor-section-height-default elementor-section-height-default\" data-id=\"6731085d\" data-element_type=\"section\" data-e-type=\"section\">\n\t\t\t\t\t\t<div class=\"elementor-container elementor-column-gap-default\">\n\t\t\t\t\t<div class=\"elementor-column elementor-col-100 elementor-top-column elementor-element elementor-element-4a2477ed\" data-id=\"4a2477ed\" data-element_type=\"column\" data-e-type=\"column\">\n\t\t\t<div class=\"elementor-widget-wrap elementor-element-populated\">\n\t\t\t\t\t\t<section class=\"elementor-section elementor-inner-section elementor-element elementor-element-1d9224f3 elementor-section-boxed elementor-section-height-default elementor-section-height-default\" data-id=\"1d9224f3\" data-element_type=\"section\" data-e-type=\"section\">\n\t\t\t\t\t\t<div class=\"elementor-container elementor-column-gap-default\">\n\t\t\t\t\t<div class=\"elementor-column elementor-col-50 elementor-inner-column elementor-element elementor-element-40190490\" data-id=\"40190490\" data-element_type=\"column\" data-e-type=\"column\">\n\t\t\t<div class=\"elementor-widget-wrap elementor-element-populated\">\n\t\t\t\t\t\t<div class=\"elementor-element elementor-element-4fac0a56 elementor-widget elementor-widget-heading\" data-id=\"4fac0a56\" data-element_type=\"widget\" data-e-type=\"widget\" data-widget_type=\"heading.default\">\n\t\t\t\t<div class=\"elementor-widget-container\">\n\t\t\t\t\t<h2 class=\"elementor-heading-title elementor-size-default\">Surgery<\/h2>\t\t\t\t<\/div>\n\t\t\t\t<\/div>\n\t\t\t\t<div class=\"elementor-element elementor-element-520e6805 elementor-widget elementor-widget-text-editor\" data-id=\"520e6805\" data-element_type=\"widget\" data-e-type=\"widget\" data-widget_type=\"text-editor.default\">\n\t\t\t\t<div class=\"elementor-widget-container\">\n\t\t\t\t\t\t\t\t\t<p>ABC Ortopedi Operation ligger i Capio Artro Clinics operationslokaler p\u00e5 G\u00e4rdet i Stockholm, Adress Stor\u00e4ngsv\u00e4gen 10, 115 42 Stockholm.<\/p><p><span style=\"text-decoration: underline;\">By car<\/span>: Visitor parking is available outside the clinic. Payment can be made at the machine or via the Aimo parking app.\u00a0<\/p><p><span style=\"text-decoration: underline;\">By bus<\/span>: Bus 54: Stop at Rind\u00f6gatan, cross Liding\u00f6v\u00e4gen and go down the stairs (follow the sign). \nBus 6: Stop at Stor\u00e4ngsv\u00e4gen, then follow the road toward Kungliga Tennishallen.\u00a0<\/p><p><span style=\"text-decoration: underline;\">By metro:<\/span> Take the red line towards Ropsten, stop at G\u00e4rdet, and exit at Brantingsgatan.<\/p>\t\t\t\t\t\t\t\t<\/div>\n\t\t\t\t<\/div>\n\t\t\t\t<div class=\"elementor-element elementor-element-cb4c016 elementor-widget elementor-widget-google_maps\" data-id=\"cb4c016\" data-element_type=\"widget\" data-e-type=\"widget\" data-widget_type=\"google_maps.default\">\n\t\t\t\t<div class=\"elementor-widget-container\">\n\t\t\t\t\t\t\t<div class=\"elementor-custom-embed\">\n\t\t\t<iframe loading=\"lazy\"\n\t\t\t\t\tsrc=\"https:\/\/maps.google.com\/maps?q=Stor%C3%A4ngsv%C3%A4gen%2010%2C%20115%2042%20Stockholm&#038;t=m&#038;z=15&#038;output=embed&#038;iwloc=near\"\n\t\t\t\t\ttitle=\"Stor\u00e4ngsv\u00e4gen 10, 115 42 Stockholm\"\n\t\t\t\t\taria-label=\"Stor\u00e4ngsv\u00e4gen 10, 115 42 Stockholm\"\n\t\t\t><\/iframe>\n\t\t<\/div>\n\t\t\t\t\t\t<\/div>\n\t\t\t\t<\/div>\n\t\t\t\t\t<\/div>\n\t\t<\/div>\n\t\t\t\t<div class=\"elementor-column elementor-col-50 elementor-inner-column elementor-element elementor-element-a76c8a5\" data-id=\"a76c8a5\" data-element_type=\"column\" data-e-type=\"column\">\n\t\t\t<div class=\"elementor-widget-wrap elementor-element-populated\">\n\t\t\t\t\t\t<div class=\"elementor-element elementor-element-6fe7cba9 elementor-widget elementor-widget-heading\" data-id=\"6fe7cba9\" data-element_type=\"widget\" data-e-type=\"widget\" data-widget_type=\"heading.default\">\n\t\t\t\t<div class=\"elementor-widget-container\">\n\t\t\t\t\t<h2 class=\"elementor-heading-title elementor-size-default\">Clinic<\/h2>\t\t\t\t<\/div>\n\t\t\t\t<\/div>\n\t\t\t\t<div class=\"elementor-element elementor-element-f3f8265 elementor-widget elementor-widget-text-editor\" data-id=\"f3f8265\" data-element_type=\"widget\" data-e-type=\"widget\" data-widget_type=\"text-editor.default\">\n\t\t\t\t<div class=\"elementor-widget-container\">\n\t\t\t\t\t\t\t\t\t<p>Visit us at our clinic for medical consultations and suture removal. ABC Orthopedic is located within Stockholms Sjukhem at Mariebergsgatan 22.<\/p><p><span style=\"text-decoration: underline;\">Travel description<\/span>: Enter through the main entrance of Stockholms Sjukhem, follow the red A-line to the right until you reach the last elevator, and take it to floor 2. Our clinic is located to the left outside the elevator.\u00a0<\/p><p>The nearest subway station is Fridhemsplan (blue and green lines). The closest bus stop is Fridhemsplan (Drottningholmsv\u00e4gen), served by buses 1, 4, 54, 61, and 77.<\/p>\t\t\t\t\t\t\t\t<\/div>\n\t\t\t\t<\/div>\n\t\t\t\t<div class=\"elementor-element elementor-element-0c38e5a elementor-widget elementor-widget-google_maps\" data-id=\"0c38e5a\" data-element_type=\"widget\" data-e-type=\"widget\" data-widget_type=\"google_maps.default\">\n\t\t\t\t<div class=\"elementor-widget-container\">\n\t\t\t\t\t\t\t<div class=\"elementor-custom-embed\">\n\t\t\t<iframe loading=\"lazy\"\n\t\t\t\t\tsrc=\"https:\/\/maps.google.com\/maps?q=Mariebergsgatan%2022%2C%20112%2019%20Stockholm&#038;t=m&#038;z=14&#038;output=embed&#038;iwloc=near\"\n\t\t\t\t\ttitle=\"Mariebergsgatan 22, 112 19 Stockholm\"\n\t\t\t\t\taria-label=\"Mariebergsgatan 22, 112 19 Stockholm\"\n\t\t\t><\/iframe>\n\t\t<\/div>\n\t\t\t\t\t\t<\/div>\n\t\t\t\t<\/div>\n\t\t\t\t\t<\/div>\n\t\t<\/div>\n\t\t\t\t\t<\/div>\n\t\t<\/section>\n\t\t\t\t<section class=\"elementor-section elementor-inner-section elementor-element elementor-element-2a1ec31a elementor-section-boxed elementor-section-height-default elementor-section-height-default\" data-id=\"2a1ec31a\" data-element_type=\"section\" data-e-type=\"section\">\n\t\t\t\t\t\t<div class=\"elementor-container elementor-column-gap-default\">\n\t\t\t\t\t<div class=\"elementor-column elementor-col-50 elementor-inner-column elementor-element elementor-element-67fc6055\" data-id=\"67fc6055\" data-element_type=\"column\" data-e-type=\"column\">\n\t\t\t<div class=\"elementor-widget-wrap elementor-element-populated\">\n\t\t\t\t\t\t<div class=\"elementor-element elementor-element-76ddb7c elementor-widget elementor-widget-heading\" data-id=\"76ddb7c\" data-element_type=\"widget\" data-e-type=\"widget\" data-widget_type=\"heading.default\">\n\t\t\t\t<div class=\"elementor-widget-container\">\n\t\t\t\t\t<h2 class=\"elementor-heading-title elementor-size-default\">Contact us<\/h2>\t\t\t\t<\/div>\n\t\t\t\t<\/div>\n\t\t\t\t<div class=\"elementor-element elementor-element-dab960f elementor-widget__width-initial elementor-widget elementor-widget-text-editor\" data-id=\"dab960f\" data-element_type=\"widget\" data-e-type=\"widget\" data-widget_type=\"text-editor.default\">\n\t\t\t\t<div class=\"elementor-widget-container\">\n\t\t\t\t\t\t\t\t\t<p>Feel free to contact us via our chat. We handle inquiries in order of arrival during the following hours:<\/p><p>Monday\u2013Thursday: 08:00\u201315:00<br \/>Friday: 08.00\u201312.00<\/p>\t\t\t\t\t\t\t\t<\/div>\n\t\t\t\t<\/div>\n\t\t\t\t\t<\/div>\n\t\t<\/div>\n\t\t\t\t<div class=\"elementor-column elementor-col-50 elementor-inner-column elementor-element elementor-element-000a82a\" data-id=\"000a82a\" data-element_type=\"column\" data-e-type=\"column\">\n\t\t\t<div class=\"elementor-widget-wrap elementor-element-populated\">\n\t\t\t\t\t\t<div class=\"elementor-element elementor-element-1df3b3c6 elementor-widget-mobile__width-initial elementor-widget elementor-widget-text-editor\" data-id=\"1df3b3c6\" data-element_type=\"widget\" data-e-type=\"widget\" data-widget_type=\"text-editor.default\">\n\t\t\t\t<div class=\"elementor-widget-container\">\n\t\t\t\t\t\t\t\t\t<p>Reach us quickly with BankID for your case.<\/p>\t\t\t\t\t\t\t\t<\/div>\n\t\t\t\t<\/div>\n\t\t\t\t<div class=\"elementor-element elementor-element-269e4ccf elementor-align-justify elementor-widget elementor-widget-button\" data-id=\"269e4ccf\" data-element_type=\"widget\" data-e-type=\"widget\" data-widget_type=\"button.default\">\n\t\t\t\t<div class=\"elementor-widget-container\">\n\t\t\t\t\t\t\t\t\t<div class=\"elementor-button-wrapper\">\n\t\t\t\t\t<a class=\"elementor-button elementor-button-link elementor-size-xs\" href=\"https:\/\/e-besok.se\/abcortopedi\/mottagning\" target=\"_blank\">\n\t\t\t\t\t\t<span class=\"elementor-button-content-wrapper\">\n\t\t\t\t\t\t\t\t\t<span class=\"elementor-button-text\">Contact with BankID<\/span>\n\t\t\t\t\t<\/span>\n\t\t\t\t\t<\/a>\n\t\t\t\t<\/div>\n\t\t\t\t\t\t\t\t<\/div>\n\t\t\t\t<\/div>\n\t\t\t\t<div class=\"elementor-element elementor-element-16fec03 elementor-widget-divider--view-line elementor-widget elementor-widget-divider\" data-id=\"16fec03\" data-element_type=\"widget\" data-e-type=\"widget\" data-widget_type=\"divider.default\">\n\t\t\t\t<div class=\"elementor-widget-container\">\n\t\t\t\t\t\t\t<div class=\"elementor-divider\">\n\t\t\t<span class=\"elementor-divider-separator\">\n\t\t\t\t\t\t<\/span>\n\t\t<\/div>\n\t\t\t\t\t\t<\/div>\n\t\t\t\t<\/div>\n\t\t\t\t<div class=\"elementor-element elementor-element-7ac4f485 elementor-widget elementor-widget-text-editor\" data-id=\"7ac4f485\" data-element_type=\"widget\" data-e-type=\"widget\" data-widget_type=\"text-editor.default\">\n\t\t\t\t<div class=\"elementor-widget-container\">\n\t\t\t\t\t\t\t\t\t<p>Do you have BankID and need to cancel or reschedule your appointment?<\/p>\t\t\t\t\t\t\t\t<\/div>\n\t\t\t\t<\/div>\n\t\t\t\t<div class=\"elementor-element elementor-element-63c8bcf0 elementor-align-justify elementor-widget elementor-widget-button\" data-id=\"63c8bcf0\" data-element_type=\"widget\" data-e-type=\"widget\" data-widget_type=\"button.default\">\n\t\t\t\t<div class=\"elementor-widget-container\">\n\t\t\t\t\t\t\t\t\t<div class=\"elementor-button-wrapper\">\n\t\t\t\t\t<a class=\"elementor-button elementor-button-link elementor-size-xs\" href=\"https:\/\/e-besok.se\/abcortopedi\/mottagning\/preselected-issue\/f_appointment_cancel\" target=\"_blank\">\n\t\t\t\t\t\t<span class=\"elementor-button-content-wrapper\">\n\t\t\t\t\t\t\t\t\t<span class=\"elementor-button-text\">Cancel\/Reschedule with BankID<\/span>\n\t\t\t\t\t<\/span>\n\t\t\t\t\t<\/a>\n\t\t\t\t<\/div>\n\t\t\t\t\t\t\t\t<\/div>\n\t\t\t\t<\/div>\n\t\t\t\t<div class=\"elementor-element elementor-element-667be9d7 elementor-widget-divider--view-line elementor-widget elementor-widget-divider\" data-id=\"667be9d7\" data-element_type=\"widget\" data-e-type=\"widget\" data-widget_type=\"divider.default\">\n\t\t\t\t<div class=\"elementor-widget-container\">\n\t\t\t\t\t\t\t<div class=\"elementor-divider\">\n\t\t\t<span class=\"elementor-divider-separator\">\n\t\t\t\t\t\t<\/span>\n\t\t<\/div>\n\t\t\t\t\t\t<\/div>\n\t\t\t\t<\/div>\n\t\t\t\t<div class=\"elementor-element elementor-element-2deef1b0 elementor-widget elementor-widget-text-editor\" data-id=\"2deef1b0\" data-element_type=\"widget\" data-e-type=\"widget\" data-widget_type=\"text-editor.default\">\n\t\t\t\t<div class=\"elementor-widget-container\">\n\t\t\t\t\t\t\t\t\t<p>Would you like to leave a review after your treatment?<\/p>\t\t\t\t\t\t\t\t<\/div>\n\t\t\t\t<\/div>\n\t\t\t\t<div class=\"elementor-element elementor-element-6ac120a4 elementor-align-justify elementor-widget elementor-widget-button\" data-id=\"6ac120a4\" data-element_type=\"widget\" data-e-type=\"widget\" data-widget_type=\"button.default\">\n\t\t\t\t<div class=\"elementor-widget-container\">\n\t\t\t\t\t\t\t\t\t<div class=\"elementor-button-wrapper\">\n\t\t\t\t\t<a class=\"elementor-button elementor-button-link elementor-size-xs\" href=\"https:\/\/abcortopedi.se\/lamna-omdome\/\" target=\"_blank\">\n\t\t\t\t\t\t<span class=\"elementor-button-content-wrapper\">\n\t\t\t\t\t\t\t\t\t<span class=\"elementor-button-text\">Leave a Review<\/span>\n\t\t\t\t\t<\/span>\n\t\t\t\t\t<\/a>\n\t\t\t\t<\/div>\n\t\t\t\t\t\t\t\t<\/div>\n\t\t\t\t<\/div>\n\t\t\t\t\t<\/div>\n\t\t<\/div>\n\t\t\t\t\t<\/div>\n\t\t<\/section>\n\t\t\t\t\t<\/div>\n\t\t<\/div>\n\t\t\t\t\t<\/div>\n\t\t<\/section>\n\t\t\t\t<\/div>\n\t\t\t\t<\/div>\n\t\t\t\t\t\t<\/div>\n\t\t\t\t<\/div>\n\t\t\t\t\t<\/div>\n\t\t<\/div>\n\t\t\t\t\t<\/div>\n\t\t<\/section>\n\t\t\t\t<section class=\"elementor-section elementor-top-section elementor-element elementor-element-0879bf1 elementor-section-boxed elementor-section-height-default elementor-section-height-default\" data-id=\"0879bf1\" data-element_type=\"section\" data-e-type=\"section\">\n\t\t\t\t\t\t<div class=\"elementor-container elementor-column-gap-default\">\n\t\t\t\t\t<div class=\"elementor-column elementor-col-100 elementor-top-column elementor-element elementor-element-8c9a410\" data-id=\"8c9a410\" data-element_type=\"column\" data-e-type=\"column\">\n\t\t\t<div class=\"elementor-widget-wrap\">\n\t\t\t\t\t\t\t<\/div>\n\t\t<\/div>\n\t\t\t\t\t<\/div>\n\t\t<\/section>\n\t\t\t\t<\/div>","protected":false},"excerpt":{"rendered":"<p>Contact<\/p>","protected":false},"author":1,"featured_media":0,"parent":0,"menu_order":0,"comment_status":"closed","ping_status":"closed","template":"","meta":{"_monsterinsights_skip_tracking":false,"_monsterinsights_sitenote_active":false,"_monsterinsights_sitenote_note":"","_monsterinsights_sitenote_category":0,"footnotes":""},"class_list":["post-1038","page","type-page","status-publish","hentry"],"yoast_head":"<!-- This site is optimized with the Yoast SEO plugin v27.5 - https:\/\/yoast.com\/product\/yoast-seo-wordpress\/ -->\n<title>Kontakt | ABC Ortopedi Operation<\/title>\n<meta name=\"description\" content=\"ABC Ortopedi Operation \u00e4r en dagkirurgisk ortopedmottagning f\u00f6r remisspatienter inom handkirurgi av Karpaltunnelsyndrom, Triggerfinger och Ganglion.\" \/>\n<meta name=\"robots\" content=\"index, follow, max-snippet:-1, max-image-preview:large, max-video-preview:-1\" \/>\n<link rel=\"canonical\" href=\"https:\/\/operation.abcortopedi.se\/en\/kontakt\/\" \/>\n<meta property=\"og:locale\" content=\"en_US\" \/>\n<meta property=\"og:type\" content=\"article\" \/>\n<meta property=\"og:title\" content=\"Kontakt | ABC Ortopedi Operation\" \/>\n<meta property=\"og:description\" content=\"ABC Ortopedi Operation \u00e4r en dagkirurgisk ortopedmottagning f\u00f6r remisspatienter inom handkirurgi av Karpaltunnelsyndrom, Triggerfinger och Ganglion.\" \/>\n<meta property=\"og:url\" content=\"https:\/\/operation.abcortopedi.se\/en\/kontakt\/\" \/>\n<meta property=\"og:site_name\" content=\"ABC Ortopedi Operation\" \/>\n<meta property=\"article:modified_time\" content=\"2024-10-10T12:23:54+00:00\" \/>\n<meta property=\"og:image\" content=\"https:\/\/operation.abcortopedi.se\/wp-content\/uploads\/2024\/10\/ABC_Ortopedi_Operation-Social_Share_Image-241010-COMP.webp\" \/>\n\t<meta property=\"og:image:width\" content=\"1200\" \/>\n\t<meta property=\"og:image:height\" content=\"630\" \/>\n\t<meta property=\"og:image:type\" content=\"image\/webp\" \/>\n<meta name=\"twitter:card\" content=\"summary_large_image\" \/>\n<meta name=\"twitter:label1\" content=\"Est. reading time\" \/>\n\t<meta name=\"twitter:data1\" content=\"2 minutes\" \/>\n<script type=\"application\/ld+json\" class=\"yoast-schema-graph\">{\"@context\":\"https:\\\/\\\/schema.org\",\"@graph\":[{\"@type\":\"WebPage\",\"@id\":\"https:\\\/\\\/operation.abcortopedi.se\\\/kontakt\\\/\",\"url\":\"https:\\\/\\\/operation.abcortopedi.se\\\/kontakt\\\/\",\"name\":\"Kontakt | ABC Ortopedi Operation\",\"isPartOf\":{\"@id\":\"https:\\\/\\\/operation.abcortopedi.se\\\/#website\"},\"datePublished\":\"2023-11-17T20:11:49+00:00\",\"dateModified\":\"2024-10-10T12:23:54+00:00\",\"description\":\"ABC Ortopedi Operation \u00e4r en dagkirurgisk ortopedmottagning f\u00f6r remisspatienter inom handkirurgi av Karpaltunnelsyndrom, Triggerfinger och Ganglion.\",\"breadcrumb\":{\"@id\":\"https:\\\/\\\/operation.abcortopedi.se\\\/kontakt\\\/#breadcrumb\"},\"inLanguage\":\"en-US\",\"potentialAction\":[{\"@type\":\"ReadAction\",\"target\":[\"https:\\\/\\\/operation.abcortopedi.se\\\/kontakt\\\/\"]}]},{\"@type\":\"BreadcrumbList\",\"@id\":\"https:\\\/\\\/operation.abcortopedi.se\\\/kontakt\\\/#breadcrumb\",\"itemListElement\":[{\"@type\":\"ListItem\",\"position\":1,\"name\":\"Hem\",\"item\":\"https:\\\/\\\/operation.abcortopedi.se\\\/\"},{\"@type\":\"ListItem\",\"position\":2,\"name\":\"Kontakt\"}]},{\"@type\":\"WebSite\",\"@id\":\"https:\\\/\\\/operation.abcortopedi.se\\\/#website\",\"url\":\"https:\\\/\\\/operation.abcortopedi.se\\\/\",\"name\":\"ABC Ortopedi Operation\",\"description\":\"Handkirurgi f\u00f6r patienter med remiss\",\"publisher\":{\"@id\":\"https:\\\/\\\/operation.abcortopedi.se\\\/#organization\"},\"potentialAction\":[{\"@type\":\"SearchAction\",\"target\":{\"@type\":\"EntryPoint\",\"urlTemplate\":\"https:\\\/\\\/operation.abcortopedi.se\\\/?s={search_term_string}\"},\"query-input\":{\"@type\":\"PropertyValueSpecification\",\"valueRequired\":true,\"valueName\":\"search_term_string\"}}],\"inLanguage\":\"en-US\"},{\"@type\":\"Organization\",\"@id\":\"https:\\\/\\\/operation.abcortopedi.se\\\/#organization\",\"name\":\"ABC Ortopedi Operation\",\"url\":\"https:\\\/\\\/operation.abcortopedi.se\\\/\",\"logo\":{\"@type\":\"ImageObject\",\"inLanguage\":\"en-US\",\"@id\":\"https:\\\/\\\/operation.abcortopedi.se\\\/#\\\/schema\\\/logo\\\/image\\\/\",\"url\":\"https:\\\/\\\/operation.abcortopedi.se\\\/wp-content\\\/uploads\\\/2023\\\/11\\\/ABC_Ortopedi-Operation-COMP.webp\",\"contentUrl\":\"https:\\\/\\\/operation.abcortopedi.se\\\/wp-content\\\/uploads\\\/2023\\\/11\\\/ABC_Ortopedi-Operation-COMP.webp\",\"width\":360,\"height\":99,\"caption\":\"ABC Ortopedi Operation\"},\"image\":{\"@id\":\"https:\\\/\\\/operation.abcortopedi.se\\\/#\\\/schema\\\/logo\\\/image\\\/\"}}]}<\/script>\n<!-- \/ Yoast SEO plugin. -->","yoast_head_json":{"title":"Kontakt | ABC Ortopedi Operation","description":"ABC Ortopedi Operation \u00e4r en dagkirurgisk ortopedmottagning f\u00f6r remisspatienter inom handkirurgi av Karpaltunnelsyndrom, Triggerfinger och Ganglion.","robots":{"index":"index","follow":"follow","max-snippet":"max-snippet:-1","max-image-preview":"max-image-preview:large","max-video-preview":"max-video-preview:-1"},"canonical":"https:\/\/operation.abcortopedi.se\/en\/kontakt\/","og_locale":"en_US","og_type":"article","og_title":"Kontakt | ABC Ortopedi Operation","og_description":"ABC Ortopedi Operation \u00e4r en dagkirurgisk ortopedmottagning f\u00f6r remisspatienter inom handkirurgi av Karpaltunnelsyndrom, Triggerfinger och Ganglion.","og_url":"https:\/\/operation.abcortopedi.se\/en\/kontakt\/","og_site_name":"ABC Ortopedi Operation","article_modified_time":"2024-10-10T12:23:54+00:00","og_image":[{"width":1200,"height":630,"url":"https:\/\/operation.abcortopedi.se\/wp-content\/uploads\/2024\/10\/ABC_Ortopedi_Operation-Social_Share_Image-241010-COMP.webp","type":"image\/webp"}],"twitter_card":"summary_large_image","twitter_misc":{"Est. reading time":"2 minutes"},"schema":{"@context":"https:\/\/schema.org","@graph":[{"@type":"WebPage","@id":"https:\/\/operation.abcortopedi.se\/kontakt\/","url":"https:\/\/operation.abcortopedi.se\/kontakt\/","name":"Kontakt | ABC Ortopedi Operation","isPartOf":{"@id":"https:\/\/operation.abcortopedi.se\/#website"},"datePublished":"2023-11-17T20:11:49+00:00","dateModified":"2024-10-10T12:23:54+00:00","description":"ABC Ortopedi Operation \u00e4r en dagkirurgisk ortopedmottagning f\u00f6r remisspatienter inom handkirurgi av Karpaltunnelsyndrom, Triggerfinger och Ganglion.","breadcrumb":{"@id":"https:\/\/operation.abcortopedi.se\/kontakt\/#breadcrumb"},"inLanguage":"en-US","potentialAction":[{"@type":"ReadAction","target":["https:\/\/operation.abcortopedi.se\/kontakt\/"]}]},{"@type":"BreadcrumbList","@id":"https:\/\/operation.abcortopedi.se\/kontakt\/#breadcrumb","itemListElement":[{"@type":"ListItem","position":1,"name":"Hem","item":"https:\/\/operation.abcortopedi.se\/"},{"@type":"ListItem","position":2,"name":"Kontakt"}]},{"@type":"WebSite","@id":"https:\/\/operation.abcortopedi.se\/#website","url":"https:\/\/operation.abcortopedi.se\/","name":"ABC Ortopedi Operation","description":"Handkirurgi f\u00f6r patienter med remiss","publisher":{"@id":"https:\/\/operation.abcortopedi.se\/#organization"},"potentialAction":[{"@type":"SearchAction","target":{"@type":"EntryPoint","urlTemplate":"https:\/\/operation.abcortopedi.se\/?s={search_term_string}"},"query-input":{"@type":"PropertyValueSpecification","valueRequired":true,"valueName":"search_term_string"}}],"inLanguage":"en-US"},{"@type":"Organization","@id":"https:\/\/operation.abcortopedi.se\/#organization","name":"ABC Ortopedi Operation","url":"https:\/\/operation.abcortopedi.se\/","logo":{"@type":"ImageObject","inLanguage":"en-US","@id":"https:\/\/operation.abcortopedi.se\/#\/schema\/logo\/image\/","url":"https:\/\/operation.abcortopedi.se\/wp-content\/uploads\/2023\/11\/ABC_Ortopedi-Operation-COMP.webp","contentUrl":"https:\/\/operation.abcortopedi.se\/wp-content\/uploads\/2023\/11\/ABC_Ortopedi-Operation-COMP.webp","width":360,"height":99,"caption":"ABC Ortopedi Operation"},"image":{"@id":"https:\/\/operation.abcortopedi.se\/#\/schema\/logo\/image\/"}}]}},"_links":{"self":[{"href":"https:\/\/operation.abcortopedi.se\/en\/wp-json\/wp\/v2\/pages\/1038","targetHints":{"allow":["GET"]}}],"collection":[{"href":"https:\/\/operation.abcortopedi.se\/en\/wp-json\/wp\/v2\/pages"}],"about":[{"href":"https:\/\/operation.abcortopedi.se\/en\/wp-json\/wp\/v2\/types\/page"}],"author":[{"embeddable":true,"href":"https:\/\/operation.abcortopedi.se\/en\/wp-json\/wp\/v2\/users\/1"}],"replies":[{"embeddable":true,"href":"https:\/\/operation.abcortopedi.se\/en\/wp-json\/wp\/v2\/comments?post=1038"}],"version-history":[{"count":5,"href":"https:\/\/operation.abcortopedi.se\/en\/wp-json\/wp\/v2\/pages\/1038\/revisions"}],"predecessor-version":[{"id":2418,"href":"https:\/\/operation.abcortopedi.se\/en\/wp-json\/wp\/v2\/pages\/1038\/revisions\/2418"}],"wp:attachment":[{"href":"https:\/\/operation.abcortopedi.se\/en\/wp-json\/wp\/v2\/media?parent=1038"}],"curies":[{"name":"wp","href":"https:\/\/api.w.org\/{rel}","templated":true}]}}