{"id":1025,"date":"2023-11-17T20:16:09","date_gmt":"2023-11-17T19:16:09","guid":{"rendered":"https:\/\/operation.abcortopedi.se\/?page_id=1025"},"modified":"2025-11-11T11:51:25","modified_gmt":"2025-11-11T10:51:25","slug":"vara-operationer","status":"publish","type":"page","link":"https:\/\/operation.abcortopedi.se\/en\/vara-operationer\/","title":{"rendered":"Our surgeries"},"content":{"rendered":"<div data-elementor-type=\"wp-page\" data-elementor-id=\"1025\" class=\"elementor elementor-1025\" data-elementor-post-type=\"page\">\n\t\t\t\t\t\t<section class=\"elementor-section elementor-top-section elementor-element elementor-element-7339f1f1 elementor-section-height-min-height elementor-section-items-stretch elementor-section-boxed elementor-section-height-default\" data-id=\"7339f1f1\" data-element_type=\"section\" data-e-type=\"section\">\n\t\t\t\t\t\t<div class=\"elementor-container elementor-column-gap-default\">\n\t\t\t\t\t<div class=\"elementor-column elementor-col-100 elementor-top-column elementor-element elementor-element-1f98ad90\" data-id=\"1f98ad90\" data-element_type=\"column\" data-e-type=\"column\" data-settings=\"{&quot;background_background&quot;:&quot;classic&quot;}\">\n\t\t\t<div class=\"elementor-widget-wrap elementor-element-populated\">\n\t\t\t\t\t\t<div class=\"elementor-element elementor-element-28e9dcce elementor-widget elementor-widget-heading\" data-id=\"28e9dcce\" data-element_type=\"widget\" data-e-type=\"widget\" data-widget_type=\"heading.default\">\n\t\t\t\t<div class=\"elementor-widget-container\">\n\t\t\t\t\t<h1 class=\"elementor-heading-title elementor-size-default\">Our surgeries<\/h1>\t\t\t\t<\/div>\n\t\t\t\t<\/div>\n\t\t\t\t<div class=\"elementor-element elementor-element-7ecfdfd8 elementor-widget__width-initial elementor-widget-mobile__width-initial elementor-widget elementor-widget-text-editor\" data-id=\"7ecfdfd8\" data-element_type=\"widget\" data-e-type=\"widget\" data-widget_type=\"text-editor.default\">\n\t\t\t\t<div class=\"elementor-widget-container\">\n\t\t\t\t\t\t\t\t\t<p>Our experienced surgical team uses modern techniques and methods to ensure the best possible results and a fast recovery.<\/p>\t\t\t\t\t\t\t\t<\/div>\n\t\t\t\t<\/div>\n\t\t\t\t\t<\/div>\n\t\t<\/div>\n\t\t\t\t\t<\/div>\n\t\t<\/section>\n\t\t\t\t<section class=\"elementor-section elementor-top-section elementor-element elementor-element-29bcbbea elementor-section-boxed elementor-section-height-default elementor-section-height-default\" data-id=\"29bcbbea\" data-element_type=\"section\" data-e-type=\"section\">\n\t\t\t\t\t\t<div class=\"elementor-container elementor-column-gap-default\">\n\t\t\t\t\t<div class=\"elementor-column elementor-col-100 elementor-top-column elementor-element elementor-element-6da259ec\" data-id=\"6da259ec\" data-element_type=\"column\" data-e-type=\"column\">\n\t\t\t<div class=\"elementor-widget-wrap elementor-element-populated\">\n\t\t\t\t\t\t<section class=\"elementor-section elementor-inner-section elementor-element elementor-element-691d86b elementor-reverse-mobile elementor-section-content-middle elementor-section-boxed elementor-section-height-default elementor-section-height-default\" data-id=\"691d86b\" data-element_type=\"section\" data-e-type=\"section\">\n\t\t\t\t\t\t<div class=\"elementor-container elementor-column-gap-default\">\n\t\t\t\t\t<div class=\"elementor-column elementor-col-50 elementor-inner-column elementor-element elementor-element-47ecae3d\" data-id=\"47ecae3d\" data-element_type=\"column\" data-e-type=\"column\">\n\t\t\t<div class=\"elementor-widget-wrap elementor-element-populated\">\n\t\t\t\t\t\t<div class=\"elementor-element elementor-element-73acb50 elementor-widget__width-inherit elementor-widget-mobile__width-inherit elementor-widget elementor-widget-image\" data-id=\"73acb50\" data-element_type=\"widget\" data-e-type=\"widget\" data-widget_type=\"image.default\">\n\t\t\t\t<div class=\"elementor-widget-container\">\n\t\t\t\t\t\t\t\t\t\t\t\t\t\t\t<img fetchpriority=\"high\" decoding=\"async\" width=\"978\" height=\"978\" src=\"https:\/\/operation.abcortopedi.se\/wp-content\/uploads\/2024\/10\/ABC-Karpeltunnel@2x-COMP.webp\" class=\"attachment-full size-full wp-image-2431\" alt=\"\" srcset=\"https:\/\/operation.abcortopedi.se\/wp-content\/uploads\/2024\/10\/ABC-Karpeltunnel@2x-COMP.webp 978w, https:\/\/operation.abcortopedi.se\/wp-content\/uploads\/2024\/10\/ABC-Karpeltunnel@2x-COMP-487x487.webp 487w, https:\/\/operation.abcortopedi.se\/wp-content\/uploads\/2024\/10\/ABC-Karpeltunnel@2x-COMP-150x150.webp 150w, https:\/\/operation.abcortopedi.se\/wp-content\/uploads\/2024\/10\/ABC-Karpeltunnel@2x-COMP-768x768.webp 768w\" sizes=\"(max-width: 978px) 100vw, 978px\" \/>\t\t\t\t\t\t\t\t\t\t\t\t\t\t\t<\/div>\n\t\t\t\t<\/div>\n\t\t\t\t\t<\/div>\n\t\t<\/div>\n\t\t\t\t<div class=\"elementor-column elementor-col-50 elementor-inner-column elementor-element elementor-element-5ea8e0ae\" data-id=\"5ea8e0ae\" data-element_type=\"column\" data-e-type=\"column\">\n\t\t\t<div class=\"elementor-widget-wrap elementor-element-populated\">\n\t\t\t\t\t\t<div class=\"elementor-element elementor-element-62a3f9b1 elementor-widget__width-inherit elementor-widget-mobile__width-inherit elementor-widget elementor-widget-heading\" data-id=\"62a3f9b1\" data-element_type=\"widget\" data-e-type=\"widget\" data-widget_type=\"heading.default\">\n\t\t\t\t<div class=\"elementor-widget-container\">\n\t\t\t\t\t<h2 class=\"elementor-heading-title elementor-size-default\">Carpal tunnel syndrome<\/h2>\t\t\t\t<\/div>\n\t\t\t\t<\/div>\n\t\t\t\t<div class=\"elementor-element elementor-element-5535c1a0 elementor-widget__width-inherit elementor-widget-mobile__width-inherit elementor-widget elementor-widget-text-editor\" data-id=\"5535c1a0\" data-element_type=\"widget\" data-e-type=\"widget\" data-widget_type=\"text-editor.default\">\n\t\t\t\t<div class=\"elementor-widget-container\">\n\t\t\t\t\t\t\t\t\t<p>The procedure takes approximately 15\u201320 minutes and is performed under local anesthesia. The surgeon will determine the most appropriate type of anesthesia for you. You will not see the surgical area, as it will be draped and shielded.<\/p><p>The carpal tunnel is a narrow passageway on the palm side of the wrist. Carpal tunnel syndrome occurs when the median nerve is compressed within this tunnel. Visit <span style=\"text-decoration: underline;\"><a href=\"https:\/\/operation.abcortopedi.se\/en\/vara-operationer\/karpaltunnelsyndrom\/\">our page on carpal tunnel syndrome<\/a><\/span> for more information.<\/p>\t\t\t\t\t\t\t\t<\/div>\n\t\t\t\t<\/div>\n\t\t\t\t\t<\/div>\n\t\t<\/div>\n\t\t\t\t\t<\/div>\n\t\t<\/section>\n\t\t\t\t<section class=\"elementor-section elementor-inner-section elementor-element elementor-element-7153d8b9 elementor-section-content-middle elementor-section-boxed elementor-section-height-default elementor-section-height-default\" data-id=\"7153d8b9\" data-element_type=\"section\" data-e-type=\"section\">\n\t\t\t\t\t\t<div class=\"elementor-container elementor-column-gap-default\">\n\t\t\t\t\t<div class=\"elementor-column elementor-col-50 elementor-inner-column elementor-element elementor-element-4d752b64\" data-id=\"4d752b64\" data-element_type=\"column\" data-e-type=\"column\">\n\t\t\t<div class=\"elementor-widget-wrap elementor-element-populated\">\n\t\t\t\t\t\t<div class=\"elementor-element elementor-element-4ec23c42 elementor-widget__width-inherit elementor-widget-mobile__width-inherit elementor-widget elementor-widget-heading\" data-id=\"4ec23c42\" data-element_type=\"widget\" data-e-type=\"widget\" data-widget_type=\"heading.default\">\n\t\t\t\t<div class=\"elementor-widget-container\">\n\t\t\t\t\t<h2 class=\"elementor-heading-title elementor-size-default\">Trigger finger<\/h2>\t\t\t\t<\/div>\n\t\t\t\t<\/div>\n\t\t\t\t<div class=\"elementor-element elementor-element-56325a00 elementor-widget__width-inherit elementor-widget-mobile__width-inherit elementor-widget elementor-widget-text-editor\" data-id=\"56325a00\" data-element_type=\"widget\" data-e-type=\"widget\" data-widget_type=\"text-editor.default\">\n\t\t\t\t<div class=\"elementor-widget-container\">\n\t\t\t\t\t\t\t\t\t<p>The surgery takes approximately 15 minutes and is performed under local anesthesia. You will not be able to see the surgical area as your arm will be draped and shielded with a cloth.<\/p><p>Trigger finger is a condition that causes one or more fingers to lock in a bent position. This locking can be painful, and in some cases, the flexor tendon gets stuck, requiring assistance from the other hand to straighten the finger. Visit <a href=\"https:\/\/operation.abcortopedi.se\/en\/vara-operationer\/triggerfinger\/\"><span style=\"text-decoration: underline;\">our page on trigger finger<\/span><\/a> for more information.<\/p>\t\t\t\t\t\t\t\t<\/div>\n\t\t\t\t<\/div>\n\t\t\t\t\t<\/div>\n\t\t<\/div>\n\t\t\t\t<div class=\"elementor-column elementor-col-50 elementor-inner-column elementor-element elementor-element-458f089\" data-id=\"458f089\" data-element_type=\"column\" data-e-type=\"column\">\n\t\t\t<div class=\"elementor-widget-wrap elementor-element-populated\">\n\t\t\t\t\t\t<div class=\"elementor-element elementor-element-6ea3195c elementor-widget__width-inherit elementor-widget-mobile__width-inherit elementor-widget elementor-widget-image\" data-id=\"6ea3195c\" data-element_type=\"widget\" data-e-type=\"widget\" data-widget_type=\"image.default\">\n\t\t\t\t<div class=\"elementor-widget-container\">\n\t\t\t\t\t\t\t\t\t\t\t\t\t\t\t<img decoding=\"async\" width=\"978\" height=\"978\" src=\"https:\/\/operation.abcortopedi.se\/wp-content\/uploads\/2024\/10\/ABC-Triggerfinger@2x-COMP.webp\" class=\"attachment-full size-full wp-image-2432\" alt=\"\" srcset=\"https:\/\/operation.abcortopedi.se\/wp-content\/uploads\/2024\/10\/ABC-Triggerfinger@2x-COMP.webp 978w, https:\/\/operation.abcortopedi.se\/wp-content\/uploads\/2024\/10\/ABC-Triggerfinger@2x-COMP-487x487.webp 487w, https:\/\/operation.abcortopedi.se\/wp-content\/uploads\/2024\/10\/ABC-Triggerfinger@2x-COMP-150x150.webp 150w, https:\/\/operation.abcortopedi.se\/wp-content\/uploads\/2024\/10\/ABC-Triggerfinger@2x-COMP-768x768.webp 768w\" sizes=\"(max-width: 978px) 100vw, 978px\" \/>\t\t\t\t\t\t\t\t\t\t\t\t\t\t\t<\/div>\n\t\t\t\t<\/div>\n\t\t\t\t\t<\/div>\n\t\t<\/div>\n\t\t\t\t\t<\/div>\n\t\t<\/section>\n\t\t\t\t\t<\/div>\n\t\t<\/div>\n\t\t\t\t\t<\/div>\n\t\t<\/section>\n\t\t\t\t<\/div>","protected":false},"excerpt":{"rendered":"<p>V\u00e5ra operationer V\u00e5r erfarna kirurgiska personal arbetar med modern teknik och metoder f\u00f6r att s\u00e4kerst\u00e4lla b\u00e4sta m\u00f6jliga resultat och en snabb \u00e5terh\u00e4mtning. Karpaltunnelsyndrom Operationen tar ungef\u00e4r 15-20 minuter. Ingreppet g\u00f6rs med lokalbed\u00f6vning och den opererande l\u00e4karen bed\u00f6mer vilken typ av bed\u00f6vning som passar dig b\u00e4st. Du ser inte operationsomr\u00e5det d\u00e5 det \u00e4r inkl\u00e4tt och avsk\u00e4rmat [&hellip;]<\/p>\n","protected":false},"author":1,"featured_media":0,"parent":0,"menu_order":0,"comment_status":"closed","ping_status":"closed","template":"","meta":{"_monsterinsights_skip_tracking":false,"_monsterinsights_sitenote_active":false,"_monsterinsights_sitenote_note":"","_monsterinsights_sitenote_category":0,"footnotes":""},"class_list":["post-1025","page","type-page","status-publish","hentry"],"yoast_head":"<!-- This site is optimized with the Yoast SEO plugin v27.5 - https:\/\/yoast.com\/product\/yoast-seo-wordpress\/ -->\n<title>V\u00e5ra operationer | ABC Ortopedi Operation<\/title>\n<meta name=\"description\" content=\"ABC Ortopedi Operation \u00e4r en dagkirurgisk ortopedmottagning f\u00f6r remisspatienter inom handkirurgi av Karpaltunnelsyndrom, Triggerfinger och Ganglion.\" \/>\n<meta name=\"robots\" content=\"index, follow, max-snippet:-1, max-image-preview:large, max-video-preview:-1\" \/>\n<link rel=\"canonical\" href=\"https:\/\/operation.abcortopedi.se\/en\/vara-operationer\/\" \/>\n<meta property=\"og:locale\" content=\"en_US\" \/>\n<meta property=\"og:type\" content=\"article\" \/>\n<meta property=\"og:title\" content=\"V\u00e5ra operationer | ABC Ortopedi Operation\" \/>\n<meta property=\"og:description\" content=\"ABC Ortopedi Operation \u00e4r en dagkirurgisk ortopedmottagning f\u00f6r remisspatienter inom handkirurgi av Karpaltunnelsyndrom, Triggerfinger och Ganglion.\" \/>\n<meta property=\"og:url\" content=\"https:\/\/operation.abcortopedi.se\/en\/vara-operationer\/\" \/>\n<meta property=\"og:site_name\" content=\"ABC Ortopedi Operation\" \/>\n<meta property=\"article:modified_time\" content=\"2025-11-11T10:51:25+00:00\" \/>\n<meta property=\"og:image\" content=\"https:\/\/operation.abcortopedi.se\/wp-content\/uploads\/2024\/10\/ABC-Karpeltunnel@2x-COMP.webp\" \/>\n\t<meta property=\"og:image:width\" content=\"978\" \/>\n\t<meta property=\"og:image:height\" content=\"978\" \/>\n\t<meta property=\"og:image:type\" content=\"image\/webp\" \/>\n<meta name=\"twitter:card\" content=\"summary_large_image\" \/>\n<meta name=\"twitter:label1\" content=\"Est. reading time\" \/>\n\t<meta name=\"twitter:data1\" content=\"2 minutes\" \/>\n<script type=\"application\/ld+json\" class=\"yoast-schema-graph\">{\"@context\":\"https:\\\/\\\/schema.org\",\"@graph\":[{\"@type\":\"WebPage\",\"@id\":\"https:\\\/\\\/operation.abcortopedi.se\\\/vara-operationer\\\/\",\"url\":\"https:\\\/\\\/operation.abcortopedi.se\\\/vara-operationer\\\/\",\"name\":\"V\u00e5ra operationer | ABC Ortopedi Operation\",\"isPartOf\":{\"@id\":\"https:\\\/\\\/operation.abcortopedi.se\\\/#website\"},\"primaryImageOfPage\":{\"@id\":\"https:\\\/\\\/operation.abcortopedi.se\\\/vara-operationer\\\/#primaryimage\"},\"image\":{\"@id\":\"https:\\\/\\\/operation.abcortopedi.se\\\/vara-operationer\\\/#primaryimage\"},\"thumbnailUrl\":\"https:\\\/\\\/operation.abcortopedi.se\\\/wp-content\\\/uploads\\\/2024\\\/10\\\/ABC-Karpeltunnel@2x-COMP.webp\",\"datePublished\":\"2023-11-17T19:16:09+00:00\",\"dateModified\":\"2025-11-11T10:51:25+00:00\",\"description\":\"ABC Ortopedi Operation \u00e4r en dagkirurgisk ortopedmottagning f\u00f6r remisspatienter inom handkirurgi av Karpaltunnelsyndrom, Triggerfinger och Ganglion.\",\"breadcrumb\":{\"@id\":\"https:\\\/\\\/operation.abcortopedi.se\\\/vara-operationer\\\/#breadcrumb\"},\"inLanguage\":\"en-US\",\"potentialAction\":[{\"@type\":\"ReadAction\",\"target\":[\"https:\\\/\\\/operation.abcortopedi.se\\\/vara-operationer\\\/\"]}]},{\"@type\":\"ImageObject\",\"inLanguage\":\"en-US\",\"@id\":\"https:\\\/\\\/operation.abcortopedi.se\\\/vara-operationer\\\/#primaryimage\",\"url\":\"https:\\\/\\\/operation.abcortopedi.se\\\/wp-content\\\/uploads\\\/2024\\\/10\\\/ABC-Karpeltunnel@2x-COMP.webp\",\"contentUrl\":\"https:\\\/\\\/operation.abcortopedi.se\\\/wp-content\\\/uploads\\\/2024\\\/10\\\/ABC-Karpeltunnel@2x-COMP.webp\"},{\"@type\":\"BreadcrumbList\",\"@id\":\"https:\\\/\\\/operation.abcortopedi.se\\\/vara-operationer\\\/#breadcrumb\",\"itemListElement\":[{\"@type\":\"ListItem\",\"position\":1,\"name\":\"Hem\",\"item\":\"https:\\\/\\\/operation.abcortopedi.se\\\/\"},{\"@type\":\"ListItem\",\"position\":2,\"name\":\"V\u00e5ra operationer\"}]},{\"@type\":\"WebSite\",\"@id\":\"https:\\\/\\\/operation.abcortopedi.se\\\/#website\",\"url\":\"https:\\\/\\\/operation.abcortopedi.se\\\/\",\"name\":\"ABC Ortopedi Operation\",\"description\":\"Handkirurgi f\u00f6r patienter med remiss\",\"publisher\":{\"@id\":\"https:\\\/\\\/operation.abcortopedi.se\\\/#organization\"},\"potentialAction\":[{\"@type\":\"SearchAction\",\"target\":{\"@type\":\"EntryPoint\",\"urlTemplate\":\"https:\\\/\\\/operation.abcortopedi.se\\\/?s={search_term_string}\"},\"query-input\":{\"@type\":\"PropertyValueSpecification\",\"valueRequired\":true,\"valueName\":\"search_term_string\"}}],\"inLanguage\":\"en-US\"},{\"@type\":\"Organization\",\"@id\":\"https:\\\/\\\/operation.abcortopedi.se\\\/#organization\",\"name\":\"ABC Ortopedi Operation\",\"url\":\"https:\\\/\\\/operation.abcortopedi.se\\\/\",\"logo\":{\"@type\":\"ImageObject\",\"inLanguage\":\"en-US\",\"@id\":\"https:\\\/\\\/operation.abcortopedi.se\\\/#\\\/schema\\\/logo\\\/image\\\/\",\"url\":\"https:\\\/\\\/operation.abcortopedi.se\\\/wp-content\\\/uploads\\\/2023\\\/11\\\/ABC_Ortopedi-Operation-COMP.webp\",\"contentUrl\":\"https:\\\/\\\/operation.abcortopedi.se\\\/wp-content\\\/uploads\\\/2023\\\/11\\\/ABC_Ortopedi-Operation-COMP.webp\",\"width\":360,\"height\":99,\"caption\":\"ABC Ortopedi Operation\"},\"image\":{\"@id\":\"https:\\\/\\\/operation.abcortopedi.se\\\/#\\\/schema\\\/logo\\\/image\\\/\"}}]}<\/script>\n<!-- \/ Yoast SEO plugin. -->","yoast_head_json":{"title":"V\u00e5ra operationer | ABC Ortopedi Operation","description":"ABC Ortopedi Operation \u00e4r en dagkirurgisk ortopedmottagning f\u00f6r remisspatienter inom handkirurgi av Karpaltunnelsyndrom, Triggerfinger och Ganglion.","robots":{"index":"index","follow":"follow","max-snippet":"max-snippet:-1","max-image-preview":"max-image-preview:large","max-video-preview":"max-video-preview:-1"},"canonical":"https:\/\/operation.abcortopedi.se\/en\/vara-operationer\/","og_locale":"en_US","og_type":"article","og_title":"V\u00e5ra operationer | ABC Ortopedi Operation","og_description":"ABC Ortopedi Operation \u00e4r en dagkirurgisk ortopedmottagning f\u00f6r remisspatienter inom handkirurgi av Karpaltunnelsyndrom, Triggerfinger och Ganglion.","og_url":"https:\/\/operation.abcortopedi.se\/en\/vara-operationer\/","og_site_name":"ABC Ortopedi Operation","article_modified_time":"2025-11-11T10:51:25+00:00","og_image":[{"width":978,"height":978,"url":"https:\/\/operation.abcortopedi.se\/wp-content\/uploads\/2024\/10\/ABC-Karpeltunnel@2x-COMP.webp","type":"image\/webp"}],"twitter_card":"summary_large_image","twitter_misc":{"Est. reading time":"2 minutes"},"schema":{"@context":"https:\/\/schema.org","@graph":[{"@type":"WebPage","@id":"https:\/\/operation.abcortopedi.se\/vara-operationer\/","url":"https:\/\/operation.abcortopedi.se\/vara-operationer\/","name":"V\u00e5ra operationer | ABC Ortopedi Operation","isPartOf":{"@id":"https:\/\/operation.abcortopedi.se\/#website"},"primaryImageOfPage":{"@id":"https:\/\/operation.abcortopedi.se\/vara-operationer\/#primaryimage"},"image":{"@id":"https:\/\/operation.abcortopedi.se\/vara-operationer\/#primaryimage"},"thumbnailUrl":"https:\/\/operation.abcortopedi.se\/wp-content\/uploads\/2024\/10\/ABC-Karpeltunnel@2x-COMP.webp","datePublished":"2023-11-17T19:16:09+00:00","dateModified":"2025-11-11T10:51:25+00:00","description":"ABC Ortopedi Operation \u00e4r en dagkirurgisk ortopedmottagning f\u00f6r remisspatienter inom handkirurgi av Karpaltunnelsyndrom, Triggerfinger och Ganglion.","breadcrumb":{"@id":"https:\/\/operation.abcortopedi.se\/vara-operationer\/#breadcrumb"},"inLanguage":"en-US","potentialAction":[{"@type":"ReadAction","target":["https:\/\/operation.abcortopedi.se\/vara-operationer\/"]}]},{"@type":"ImageObject","inLanguage":"en-US","@id":"https:\/\/operation.abcortopedi.se\/vara-operationer\/#primaryimage","url":"https:\/\/operation.abcortopedi.se\/wp-content\/uploads\/2024\/10\/ABC-Karpeltunnel@2x-COMP.webp","contentUrl":"https:\/\/operation.abcortopedi.se\/wp-content\/uploads\/2024\/10\/ABC-Karpeltunnel@2x-COMP.webp"},{"@type":"BreadcrumbList","@id":"https:\/\/operation.abcortopedi.se\/vara-operationer\/#breadcrumb","itemListElement":[{"@type":"ListItem","position":1,"name":"Hem","item":"https:\/\/operation.abcortopedi.se\/"},{"@type":"ListItem","position":2,"name":"V\u00e5ra operationer"}]},{"@type":"WebSite","@id":"https:\/\/operation.abcortopedi.se\/#website","url":"https:\/\/operation.abcortopedi.se\/","name":"ABC Ortopedi Operation","description":"Handkirurgi f\u00f6r patienter med remiss","publisher":{"@id":"https:\/\/operation.abcortopedi.se\/#organization"},"potentialAction":[{"@type":"SearchAction","target":{"@type":"EntryPoint","urlTemplate":"https:\/\/operation.abcortopedi.se\/?s={search_term_string}"},"query-input":{"@type":"PropertyValueSpecification","valueRequired":true,"valueName":"search_term_string"}}],"inLanguage":"en-US"},{"@type":"Organization","@id":"https:\/\/operation.abcortopedi.se\/#organization","name":"ABC Ortopedi Operation","url":"https:\/\/operation.abcortopedi.se\/","logo":{"@type":"ImageObject","inLanguage":"en-US","@id":"https:\/\/operation.abcortopedi.se\/#\/schema\/logo\/image\/","url":"https:\/\/operation.abcortopedi.se\/wp-content\/uploads\/2023\/11\/ABC_Ortopedi-Operation-COMP.webp","contentUrl":"https:\/\/operation.abcortopedi.se\/wp-content\/uploads\/2023\/11\/ABC_Ortopedi-Operation-COMP.webp","width":360,"height":99,"caption":"ABC Ortopedi Operation"},"image":{"@id":"https:\/\/operation.abcortopedi.se\/#\/schema\/logo\/image\/"}}]}},"_links":{"self":[{"href":"https:\/\/operation.abcortopedi.se\/en\/wp-json\/wp\/v2\/pages\/1025","targetHints":{"allow":["GET"]}}],"collection":[{"href":"https:\/\/operation.abcortopedi.se\/en\/wp-json\/wp\/v2\/pages"}],"about":[{"href":"https:\/\/operation.abcortopedi.se\/en\/wp-json\/wp\/v2\/types\/page"}],"author":[{"embeddable":true,"href":"https:\/\/operation.abcortopedi.se\/en\/wp-json\/wp\/v2\/users\/1"}],"replies":[{"embeddable":true,"href":"https:\/\/operation.abcortopedi.se\/en\/wp-json\/wp\/v2\/comments?post=1025"}],"version-history":[{"count":5,"href":"https:\/\/operation.abcortopedi.se\/en\/wp-json\/wp\/v2\/pages\/1025\/revisions"}],"predecessor-version":[{"id":2739,"href":"https:\/\/operation.abcortopedi.se\/en\/wp-json\/wp\/v2\/pages\/1025\/revisions\/2739"}],"wp:attachment":[{"href":"https:\/\/operation.abcortopedi.se\/en\/wp-json\/wp\/v2\/media?parent=1025"}],"curies":[{"name":"wp","href":"https:\/\/api.w.org\/{rel}","templated":true}]}}