{"id":1017,"date":"2023-11-17T20:03:34","date_gmt":"2023-11-17T19:03:34","guid":{"rendered":"https:\/\/operation.abcortopedi.se\/?page_id=1017"},"modified":"2025-11-11T15:07:57","modified_gmt":"2025-11-11T14:07:57","slug":"fragor","status":"publish","type":"page","link":"https:\/\/operation.abcortopedi.se\/en\/fragor\/","title":{"rendered":"Frequently Asked Questions"},"content":{"rendered":"<div data-elementor-type=\"wp-page\" data-elementor-id=\"1017\" class=\"elementor elementor-1017\" data-elementor-post-type=\"page\">\n\t\t\t\t\t\t<section class=\"elementor-section elementor-top-section elementor-element elementor-element-2dc84e55 elementor-section-height-min-height elementor-section-items-stretch elementor-section-boxed elementor-section-height-default\" data-id=\"2dc84e55\" data-element_type=\"section\" data-e-type=\"section\" data-settings=\"{&quot;background_background&quot;:&quot;classic&quot;}\">\n\t\t\t\t\t\t<div class=\"elementor-container elementor-column-gap-default\">\n\t\t\t\t\t<div class=\"elementor-column elementor-col-100 elementor-top-column elementor-element elementor-element-114f8e0\" data-id=\"114f8e0\" data-element_type=\"column\" data-e-type=\"column\" data-settings=\"{&quot;background_background&quot;:&quot;classic&quot;}\">\n\t\t\t<div class=\"elementor-widget-wrap elementor-element-populated\">\n\t\t\t\t\t\t<div class=\"elementor-element elementor-element-21a6f474 elementor-widget elementor-widget-heading\" data-id=\"21a6f474\" data-element_type=\"widget\" data-e-type=\"widget\" data-widget_type=\"heading.default\">\n\t\t\t\t<div class=\"elementor-widget-container\">\n\t\t\t\t\t<h1 class=\"elementor-heading-title elementor-size-default\">Frequently Asked Questions<\/h1>\t\t\t\t<\/div>\n\t\t\t\t<\/div>\n\t\t\t\t<div class=\"elementor-element elementor-element-3a2c3b4 elementor-widget__width-inherit elementor-widget-mobile__width-initial elementor-widget elementor-widget-text-editor\" data-id=\"3a2c3b4\" data-element_type=\"widget\" data-e-type=\"widget\" data-widget_type=\"text-editor.default\">\n\t\t\t\t<div class=\"elementor-widget-container\">\n\t\t\t\t\t\t\t\t\t<p>For those who have had a medical consultation and are scheduled for surgery. At the clinic, you will meet experienced staff who will prepare you for your surgery and assist you afterward.\u00a0<\/p>\t\t\t\t\t\t\t\t<\/div>\n\t\t\t\t<\/div>\n\t\t\t\t\t<\/div>\n\t\t<\/div>\n\t\t\t\t\t<\/div>\n\t\t<\/section>\n\t\t\t\t<section class=\"elementor-section elementor-top-section elementor-element elementor-element-1dffd88e elementor-section-boxed elementor-section-height-default elementor-section-height-default\" data-id=\"1dffd88e\" data-element_type=\"section\" data-e-type=\"section\">\n\t\t\t\t\t\t<div class=\"elementor-container elementor-column-gap-default\">\n\t\t\t\t\t<div class=\"elementor-column elementor-col-100 elementor-top-column elementor-element elementor-element-4fc74f74\" data-id=\"4fc74f74\" data-element_type=\"column\" data-e-type=\"column\">\n\t\t\t<div class=\"elementor-widget-wrap elementor-element-populated\">\n\t\t\t\t\t\t<div class=\"elementor-element elementor-element-2e9bcad7 elementor-widget elementor-widget-toggle\" data-id=\"2e9bcad7\" data-element_type=\"widget\" data-e-type=\"widget\" data-widget_type=\"toggle.default\">\n\t\t\t\t<div class=\"elementor-widget-container\">\n\t\t\t\t\t\t\t<div class=\"elementor-toggle\">\n\t\t\t\t\t\t\t<div class=\"elementor-toggle-item\">\n\t\t\t\t\t<div id=\"elementor-tab-title-7811\" class=\"elementor-tab-title\" data-tab=\"1\" role=\"button\" aria-controls=\"elementor-tab-content-7811\" aria-expanded=\"false\">\n\t\t\t\t\t\t\t\t\t\t\t\t<span class=\"elementor-toggle-icon elementor-toggle-icon-right\" aria-hidden=\"true\">\n\t\t\t\t\t\t\t\t\t\t\t\t\t\t\t<span class=\"elementor-toggle-icon-closed\"><i class=\"far fa-caret-square-down\"><\/i><\/span>\n\t\t\t\t\t\t\t\t<span class=\"elementor-toggle-icon-opened\"><i class=\"elementor-toggle-icon-opened far fa-caret-square-up\"><\/i><\/span>\n\t\t\t\t\t\t\t\t\t\t\t\t\t<\/span>\n\t\t\t\t\t\t\t\t\t\t\t\t<a class=\"elementor-toggle-title\" tabindex=\"0\">How do I become a patient at  your clinic?<\/a>\n\t\t\t\t\t<\/div>\n\n\t\t\t\t\t<div id=\"elementor-tab-content-7811\" class=\"elementor-tab-content elementor-clearfix\" data-tab=\"1\" role=\"region\" aria-labelledby=\"elementor-tab-title-7811\"><p>To become a patient with us, a referral is required, for example, from your healthcare center or an urgent care clinic. You will be called for a visit where an orthopedic specialist will assess whether you are a candidate for surgery.<\/p><\/div>\n\t\t\t\t<\/div>\n\t\t\t\t\t\t\t<div class=\"elementor-toggle-item\">\n\t\t\t\t\t<div id=\"elementor-tab-title-7812\" class=\"elementor-tab-title\" data-tab=\"2\" role=\"button\" aria-controls=\"elementor-tab-content-7812\" aria-expanded=\"false\">\n\t\t\t\t\t\t\t\t\t\t\t\t<span class=\"elementor-toggle-icon elementor-toggle-icon-right\" aria-hidden=\"true\">\n\t\t\t\t\t\t\t\t\t\t\t\t\t\t\t<span class=\"elementor-toggle-icon-closed\"><i class=\"far fa-caret-square-down\"><\/i><\/span>\n\t\t\t\t\t\t\t\t<span class=\"elementor-toggle-icon-opened\"><i class=\"elementor-toggle-icon-opened far fa-caret-square-up\"><\/i><\/span>\n\t\t\t\t\t\t\t\t\t\t\t\t\t<\/span>\n\t\t\t\t\t\t\t\t\t\t\t\t<a class=\"elementor-toggle-title\" tabindex=\"0\">What happens if I get sick before my surgery?<\/a>\n\t\t\t\t\t<\/div>\n\n\t\t\t\t\t<div id=\"elementor-tab-content-7812\" class=\"elementor-tab-content elementor-clearfix\" data-tab=\"2\" role=\"region\" aria-labelledby=\"elementor-tab-title-7812\"><p>Please contact us<a href=\"https:\/\/e-besok.se\/abcortopedi\/operation\/preselected-issue\/f_appointment_cancel\"><span class=\"NormalTextRun SCXW159254002 BCX4\"> through <\/span><span class=\"NormalTextRun SpellingErrorV2Themed SCXW159254002 BCX4\">our<\/span><span class=\"NormalTextRun SCXW159254002 BCX4\"> chat<\/span><\/a><span class=\"NormalTextRun SCXW159254002 BCX4\">.<\/span><\/p><\/div>\n\t\t\t\t<\/div>\n\t\t\t\t\t\t\t<div class=\"elementor-toggle-item\">\n\t\t\t\t\t<div id=\"elementor-tab-title-7813\" class=\"elementor-tab-title\" data-tab=\"3\" role=\"button\" aria-controls=\"elementor-tab-content-7813\" aria-expanded=\"false\">\n\t\t\t\t\t\t\t\t\t\t\t\t<span class=\"elementor-toggle-icon elementor-toggle-icon-right\" aria-hidden=\"true\">\n\t\t\t\t\t\t\t\t\t\t\t\t\t\t\t<span class=\"elementor-toggle-icon-closed\"><i class=\"far fa-caret-square-down\"><\/i><\/span>\n\t\t\t\t\t\t\t\t<span class=\"elementor-toggle-icon-opened\"><i class=\"elementor-toggle-icon-opened far fa-caret-square-up\"><\/i><\/span>\n\t\t\t\t\t\t\t\t\t\t\t\t\t<\/span>\n\t\t\t\t\t\t\t\t\t\t\t\t<a class=\"elementor-toggle-title\" tabindex=\"0\">Can I go home after the surgery?<\/a>\n\t\t\t\t\t<\/div>\n\n\t\t\t\t\t<div id=\"elementor-tab-content-7813\" class=\"elementor-tab-content elementor-clearfix\" data-tab=\"3\" role=\"region\" aria-labelledby=\"elementor-tab-title-7813\"><p>Yes, you can go home after the surgery. You should not drive immediately after the procedure, so please try to arrange for transportation. The surgery does not entitle you to medical transportation.<\/p><\/div>\n\t\t\t\t<\/div>\n\t\t\t\t\t\t\t<div class=\"elementor-toggle-item\">\n\t\t\t\t\t<div id=\"elementor-tab-title-7814\" class=\"elementor-tab-title\" data-tab=\"4\" role=\"button\" aria-controls=\"elementor-tab-content-7814\" aria-expanded=\"false\">\n\t\t\t\t\t\t\t\t\t\t\t\t<span class=\"elementor-toggle-icon elementor-toggle-icon-right\" aria-hidden=\"true\">\n\t\t\t\t\t\t\t\t\t\t\t\t\t\t\t<span class=\"elementor-toggle-icon-closed\"><i class=\"far fa-caret-square-down\"><\/i><\/span>\n\t\t\t\t\t\t\t\t<span class=\"elementor-toggle-icon-opened\"><i class=\"elementor-toggle-icon-opened far fa-caret-square-up\"><\/i><\/span>\n\t\t\t\t\t\t\t\t\t\t\t\t\t<\/span>\n\t\t\t\t\t\t\t\t\t\t\t\t<a class=\"elementor-toggle-title\" tabindex=\"0\">Do I need to take sick leave?<\/a>\n\t\t\t\t\t<\/div>\n\n\t\t\t\t\t<div id=\"elementor-tab-content-7814\" class=\"elementor-tab-content elementor-clearfix\" data-tab=\"4\" role=\"region\" aria-labelledby=\"elementor-tab-title-7814\"><p>If you have a job that does not strain the hand, you can return to work a few days after the surgery. Most people are on sick leave for 2-4 weeks, and if you have a physically demanding job, you may need a longer period of sick leave. A sick note will be provided on the day of the surgery.<\/p><\/div>\n\t\t\t\t<\/div>\n\t\t\t\t\t\t\t<div class=\"elementor-toggle-item\">\n\t\t\t\t\t<div id=\"elementor-tab-title-7815\" class=\"elementor-tab-title\" data-tab=\"5\" role=\"button\" aria-controls=\"elementor-tab-content-7815\" aria-expanded=\"false\">\n\t\t\t\t\t\t\t\t\t\t\t\t<span class=\"elementor-toggle-icon elementor-toggle-icon-right\" aria-hidden=\"true\">\n\t\t\t\t\t\t\t\t\t\t\t\t\t\t\t<span class=\"elementor-toggle-icon-closed\"><i class=\"far fa-caret-square-down\"><\/i><\/span>\n\t\t\t\t\t\t\t\t<span class=\"elementor-toggle-icon-opened\"><i class=\"elementor-toggle-icon-opened far fa-caret-square-up\"><\/i><\/span>\n\t\t\t\t\t\t\t\t\t\t\t\t\t<\/span>\n\t\t\t\t\t\t\t\t\t\t\t\t<a class=\"elementor-toggle-title\" tabindex=\"0\">When should the stitches be removed?<\/a>\n\t\t\t\t\t<\/div>\n\n\t\t\t\t\t<div id=\"elementor-tab-content-7815\" class=\"elementor-tab-content elementor-clearfix\" data-tab=\"5\" role=\"region\" aria-labelledby=\"elementor-tab-title-7815\"><p>Stitches after the surgery will be removed after approximately 10 days at ABC Orthopedics, Mariebergsgatan 22, Stockholms Sjukhem on Kungsholmen. An appointment for this will be scheduled on the day of the surgery.<\/p><\/div>\n\t\t\t\t<\/div>\n\t\t\t\t\t\t\t<div class=\"elementor-toggle-item\">\n\t\t\t\t\t<div id=\"elementor-tab-title-7816\" class=\"elementor-tab-title\" data-tab=\"6\" role=\"button\" aria-controls=\"elementor-tab-content-7816\" aria-expanded=\"false\">\n\t\t\t\t\t\t\t\t\t\t\t\t<span class=\"elementor-toggle-icon elementor-toggle-icon-right\" aria-hidden=\"true\">\n\t\t\t\t\t\t\t\t\t\t\t\t\t\t\t<span class=\"elementor-toggle-icon-closed\"><i class=\"far fa-caret-square-down\"><\/i><\/span>\n\t\t\t\t\t\t\t\t<span class=\"elementor-toggle-icon-opened\"><i class=\"elementor-toggle-icon-opened far fa-caret-square-up\"><\/i><\/span>\n\t\t\t\t\t\t\t\t\t\t\t\t\t<\/span>\n\t\t\t\t\t\t\t\t\t\t\t\t<a class=\"elementor-toggle-title\" tabindex=\"0\">Who removes the stitches?<\/a>\n\t\t\t\t\t<\/div>\n\n\t\t\t\t\t<div id=\"elementor-tab-content-7816\" class=\"elementor-tab-content elementor-clearfix\" data-tab=\"6\" role=\"region\" aria-labelledby=\"elementor-tab-title-7816\"><p>Stitches after the surgery will be removed after approximately 10 days at ABC Orthopedics, Mariebergsgatan 22, Stockholms Sjukhem on Kungsholmen. An appointment for this will be scheduled on the day of the surgery.<\/p><\/div>\n\t\t\t\t<\/div>\n\t\t\t\t\t\t\t<div class=\"elementor-toggle-item\">\n\t\t\t\t\t<div id=\"elementor-tab-title-7817\" class=\"elementor-tab-title\" data-tab=\"7\" role=\"button\" aria-controls=\"elementor-tab-content-7817\" aria-expanded=\"false\">\n\t\t\t\t\t\t\t\t\t\t\t\t<span class=\"elementor-toggle-icon elementor-toggle-icon-right\" aria-hidden=\"true\">\n\t\t\t\t\t\t\t\t\t\t\t\t\t\t\t<span class=\"elementor-toggle-icon-closed\"><i class=\"far fa-caret-square-down\"><\/i><\/span>\n\t\t\t\t\t\t\t\t<span class=\"elementor-toggle-icon-opened\"><i class=\"elementor-toggle-icon-opened far fa-caret-square-up\"><\/i><\/span>\n\t\t\t\t\t\t\t\t\t\t\t\t\t<\/span>\n\t\t\t\t\t\t\t\t\t\t\t\t<a class=\"elementor-toggle-title\" tabindex=\"0\">How can I contact you if I have questions?<\/a>\n\t\t\t\t\t<\/div>\n\n\t\t\t\t\t<div id=\"elementor-tab-content-7817\" class=\"elementor-tab-content elementor-clearfix\" data-tab=\"7\" role=\"region\" aria-labelledby=\"elementor-tab-title-7817\"><p>You will get in touch with us via<span class=\"NormalTextRun SCXW144598048 BCX4\"> <a href=\"https:\/\/e-besok.se\/abcortopedi\/mottagning\">link to<\/a> <\/span>our chat.<\/p><\/div>\n\t\t\t\t<\/div>\n\t\t\t\t\t\t\t<div class=\"elementor-toggle-item\">\n\t\t\t\t\t<div id=\"elementor-tab-title-7818\" class=\"elementor-tab-title\" data-tab=\"8\" role=\"button\" aria-controls=\"elementor-tab-content-7818\" aria-expanded=\"false\">\n\t\t\t\t\t\t\t\t\t\t\t\t<span class=\"elementor-toggle-icon elementor-toggle-icon-right\" aria-hidden=\"true\">\n\t\t\t\t\t\t\t\t\t\t\t\t\t\t\t<span class=\"elementor-toggle-icon-closed\"><i class=\"far fa-caret-square-down\"><\/i><\/span>\n\t\t\t\t\t\t\t\t<span class=\"elementor-toggle-icon-opened\"><i class=\"elementor-toggle-icon-opened far fa-caret-square-up\"><\/i><\/span>\n\t\t\t\t\t\t\t\t\t\t\t\t\t<\/span>\n\t\t\t\t\t\t\t\t\t\t\t\t<a class=\"elementor-toggle-title\" tabindex=\"0\">Prescription renewal<\/a>\n\t\t\t\t\t<\/div>\n\n\t\t\t\t\t<div id=\"elementor-tab-content-7818\" class=\"elementor-tab-content elementor-clearfix\" data-tab=\"8\" role=\"region\" aria-labelledby=\"elementor-tab-title-7818\"><p>We generally do not renew addictive medications remotely.<\/p><\/div>\n\t\t\t\t<\/div>\n\t\t\t\t\t\t\t\t<\/div>\n\t\t\t\t\t\t<\/div>\n\t\t\t\t<\/div>\n\t\t\t\t\t<\/div>\n\t\t<\/div>\n\t\t\t\t\t<\/div>\n\t\t<\/section>\n\t\t\t\t<\/div>","protected":false},"excerpt":{"rendered":"<p>Vanliga fr\u00e5gor F\u00f6r dig som varit p\u00e5 l\u00e4karbes\u00f6k och planeras f\u00f6r operation. P\u00e5 mottagningen tr\u00e4ffar du erfaren personal som f\u00f6rbereder dig inf\u00f6r dagkirurgisk operation och som hj\u00e4lper dig efter\u00e5t.\u00a0 Hur blir jag patient hos er? F\u00f6r att bli patient hos oss kr\u00e4vs en remiss fr\u00e5n tex din v\u00e5rdcentral eller en n\u00e4rakut. Du kallas till bes\u00f6k [&hellip;]<\/p>\n","protected":false},"author":1,"featured_media":0,"parent":0,"menu_order":0,"comment_status":"closed","ping_status":"closed","template":"","meta":{"_monsterinsights_skip_tracking":false,"_monsterinsights_sitenote_active":false,"_monsterinsights_sitenote_note":"","_monsterinsights_sitenote_category":0,"footnotes":""},"class_list":["post-1017","page","type-page","status-publish","hentry"],"yoast_head":"<!-- This site is optimized with the Yoast SEO plugin v27.3 - https:\/\/yoast.com\/product\/yoast-seo-wordpress\/ -->\n<title>Vanliga fr\u00e5gor | ABC Ortopedi Operation<\/title>\n<meta name=\"description\" content=\"ABC Ortopedi Operation \u00e4r en dagkirurgisk ortopedmottagning f\u00f6r remisspatienter inom handkirurgi av Karpaltunnelsyndrom, Triggerfinger och Ganglion.\" \/>\n<meta name=\"robots\" content=\"index, follow, max-snippet:-1, max-image-preview:large, max-video-preview:-1\" \/>\n<link rel=\"canonical\" href=\"https:\/\/operation.abcortopedi.se\/en\/fragor\/\" \/>\n<meta property=\"og:locale\" content=\"en_US\" \/>\n<meta property=\"og:type\" content=\"article\" \/>\n<meta property=\"og:title\" content=\"Vanliga fr\u00e5gor | ABC Ortopedi Operation\" \/>\n<meta property=\"og:description\" content=\"ABC Ortopedi Operation \u00e4r en dagkirurgisk ortopedmottagning f\u00f6r remisspatienter inom handkirurgi av Karpaltunnelsyndrom, Triggerfinger och Ganglion.\" \/>\n<meta property=\"og:url\" content=\"https:\/\/operation.abcortopedi.se\/en\/fragor\/\" \/>\n<meta property=\"og:site_name\" content=\"ABC Ortopedi Operation\" \/>\n<meta property=\"article:modified_time\" content=\"2025-11-11T14:07:57+00:00\" \/>\n<meta property=\"og:image\" content=\"https:\/\/operation.abcortopedi.se\/wp-content\/uploads\/2024\/10\/ABC_Ortopedi_Operation-Social_Share_Image-241010-COMP.webp\" \/>\n\t<meta property=\"og:image:width\" content=\"1200\" \/>\n\t<meta property=\"og:image:height\" content=\"630\" \/>\n\t<meta property=\"og:image:type\" content=\"image\/webp\" \/>\n<meta name=\"twitter:card\" content=\"summary_large_image\" \/>\n<meta name=\"twitter:label1\" content=\"Est. reading time\" \/>\n\t<meta name=\"twitter:data1\" content=\"2 minutes\" \/>\n<script type=\"application\/ld+json\" class=\"yoast-schema-graph\">{\"@context\":\"https:\\\/\\\/schema.org\",\"@graph\":[{\"@type\":\"WebPage\",\"@id\":\"https:\\\/\\\/operation.abcortopedi.se\\\/fragor\\\/\",\"url\":\"https:\\\/\\\/operation.abcortopedi.se\\\/fragor\\\/\",\"name\":\"Vanliga fr\u00e5gor | ABC Ortopedi Operation\",\"isPartOf\":{\"@id\":\"https:\\\/\\\/operation.abcortopedi.se\\\/#website\"},\"datePublished\":\"2023-11-17T19:03:34+00:00\",\"dateModified\":\"2025-11-11T14:07:57+00:00\",\"description\":\"ABC Ortopedi Operation \u00e4r en dagkirurgisk ortopedmottagning f\u00f6r remisspatienter inom handkirurgi av Karpaltunnelsyndrom, Triggerfinger och Ganglion.\",\"breadcrumb\":{\"@id\":\"https:\\\/\\\/operation.abcortopedi.se\\\/fragor\\\/#breadcrumb\"},\"inLanguage\":\"en-US\",\"potentialAction\":[{\"@type\":\"ReadAction\",\"target\":[\"https:\\\/\\\/operation.abcortopedi.se\\\/fragor\\\/\"]}]},{\"@type\":\"BreadcrumbList\",\"@id\":\"https:\\\/\\\/operation.abcortopedi.se\\\/fragor\\\/#breadcrumb\",\"itemListElement\":[{\"@type\":\"ListItem\",\"position\":1,\"name\":\"Hem\",\"item\":\"https:\\\/\\\/operation.abcortopedi.se\\\/\"},{\"@type\":\"ListItem\",\"position\":2,\"name\":\"Vanliga fr\u00e5gor\"}]},{\"@type\":\"WebSite\",\"@id\":\"https:\\\/\\\/operation.abcortopedi.se\\\/#website\",\"url\":\"https:\\\/\\\/operation.abcortopedi.se\\\/\",\"name\":\"ABC Ortopedi Operation\",\"description\":\"Handkirurgi f\u00f6r patienter med remiss\",\"publisher\":{\"@id\":\"https:\\\/\\\/operation.abcortopedi.se\\\/#organization\"},\"potentialAction\":[{\"@type\":\"SearchAction\",\"target\":{\"@type\":\"EntryPoint\",\"urlTemplate\":\"https:\\\/\\\/operation.abcortopedi.se\\\/?s={search_term_string}\"},\"query-input\":{\"@type\":\"PropertyValueSpecification\",\"valueRequired\":true,\"valueName\":\"search_term_string\"}}],\"inLanguage\":\"en-US\"},{\"@type\":\"Organization\",\"@id\":\"https:\\\/\\\/operation.abcortopedi.se\\\/#organization\",\"name\":\"ABC Ortopedi Operation\",\"url\":\"https:\\\/\\\/operation.abcortopedi.se\\\/\",\"logo\":{\"@type\":\"ImageObject\",\"inLanguage\":\"en-US\",\"@id\":\"https:\\\/\\\/operation.abcortopedi.se\\\/#\\\/schema\\\/logo\\\/image\\\/\",\"url\":\"https:\\\/\\\/operation.abcortopedi.se\\\/wp-content\\\/uploads\\\/2023\\\/11\\\/ABC_Ortopedi-Operation-COMP.webp\",\"contentUrl\":\"https:\\\/\\\/operation.abcortopedi.se\\\/wp-content\\\/uploads\\\/2023\\\/11\\\/ABC_Ortopedi-Operation-COMP.webp\",\"width\":360,\"height\":99,\"caption\":\"ABC Ortopedi Operation\"},\"image\":{\"@id\":\"https:\\\/\\\/operation.abcortopedi.se\\\/#\\\/schema\\\/logo\\\/image\\\/\"}}]}<\/script>\n<!-- \/ Yoast SEO plugin. -->","yoast_head_json":{"title":"Vanliga fr\u00e5gor | ABC Ortopedi Operation","description":"ABC Ortopedi Operation \u00e4r en dagkirurgisk ortopedmottagning f\u00f6r remisspatienter inom handkirurgi av Karpaltunnelsyndrom, Triggerfinger och Ganglion.","robots":{"index":"index","follow":"follow","max-snippet":"max-snippet:-1","max-image-preview":"max-image-preview:large","max-video-preview":"max-video-preview:-1"},"canonical":"https:\/\/operation.abcortopedi.se\/en\/fragor\/","og_locale":"en_US","og_type":"article","og_title":"Vanliga fr\u00e5gor | ABC Ortopedi Operation","og_description":"ABC Ortopedi Operation \u00e4r en dagkirurgisk ortopedmottagning f\u00f6r remisspatienter inom handkirurgi av Karpaltunnelsyndrom, Triggerfinger och Ganglion.","og_url":"https:\/\/operation.abcortopedi.se\/en\/fragor\/","og_site_name":"ABC Ortopedi Operation","article_modified_time":"2025-11-11T14:07:57+00:00","og_image":[{"width":1200,"height":630,"url":"https:\/\/operation.abcortopedi.se\/wp-content\/uploads\/2024\/10\/ABC_Ortopedi_Operation-Social_Share_Image-241010-COMP.webp","type":"image\/webp"}],"twitter_card":"summary_large_image","twitter_misc":{"Est. reading time":"2 minutes"},"schema":{"@context":"https:\/\/schema.org","@graph":[{"@type":"WebPage","@id":"https:\/\/operation.abcortopedi.se\/fragor\/","url":"https:\/\/operation.abcortopedi.se\/fragor\/","name":"Vanliga fr\u00e5gor | ABC Ortopedi Operation","isPartOf":{"@id":"https:\/\/operation.abcortopedi.se\/#website"},"datePublished":"2023-11-17T19:03:34+00:00","dateModified":"2025-11-11T14:07:57+00:00","description":"ABC Ortopedi Operation \u00e4r en dagkirurgisk ortopedmottagning f\u00f6r remisspatienter inom handkirurgi av Karpaltunnelsyndrom, Triggerfinger och Ganglion.","breadcrumb":{"@id":"https:\/\/operation.abcortopedi.se\/fragor\/#breadcrumb"},"inLanguage":"en-US","potentialAction":[{"@type":"ReadAction","target":["https:\/\/operation.abcortopedi.se\/fragor\/"]}]},{"@type":"BreadcrumbList","@id":"https:\/\/operation.abcortopedi.se\/fragor\/#breadcrumb","itemListElement":[{"@type":"ListItem","position":1,"name":"Hem","item":"https:\/\/operation.abcortopedi.se\/"},{"@type":"ListItem","position":2,"name":"Vanliga fr\u00e5gor"}]},{"@type":"WebSite","@id":"https:\/\/operation.abcortopedi.se\/#website","url":"https:\/\/operation.abcortopedi.se\/","name":"ABC Ortopedi Operation","description":"Handkirurgi f\u00f6r patienter med remiss","publisher":{"@id":"https:\/\/operation.abcortopedi.se\/#organization"},"potentialAction":[{"@type":"SearchAction","target":{"@type":"EntryPoint","urlTemplate":"https:\/\/operation.abcortopedi.se\/?s={search_term_string}"},"query-input":{"@type":"PropertyValueSpecification","valueRequired":true,"valueName":"search_term_string"}}],"inLanguage":"en-US"},{"@type":"Organization","@id":"https:\/\/operation.abcortopedi.se\/#organization","name":"ABC Ortopedi Operation","url":"https:\/\/operation.abcortopedi.se\/","logo":{"@type":"ImageObject","inLanguage":"en-US","@id":"https:\/\/operation.abcortopedi.se\/#\/schema\/logo\/image\/","url":"https:\/\/operation.abcortopedi.se\/wp-content\/uploads\/2023\/11\/ABC_Ortopedi-Operation-COMP.webp","contentUrl":"https:\/\/operation.abcortopedi.se\/wp-content\/uploads\/2023\/11\/ABC_Ortopedi-Operation-COMP.webp","width":360,"height":99,"caption":"ABC Ortopedi Operation"},"image":{"@id":"https:\/\/operation.abcortopedi.se\/#\/schema\/logo\/image\/"}}]}},"_links":{"self":[{"href":"https:\/\/operation.abcortopedi.se\/en\/wp-json\/wp\/v2\/pages\/1017","targetHints":{"allow":["GET"]}}],"collection":[{"href":"https:\/\/operation.abcortopedi.se\/en\/wp-json\/wp\/v2\/pages"}],"about":[{"href":"https:\/\/operation.abcortopedi.se\/en\/wp-json\/wp\/v2\/types\/page"}],"author":[{"embeddable":true,"href":"https:\/\/operation.abcortopedi.se\/en\/wp-json\/wp\/v2\/users\/1"}],"replies":[{"embeddable":true,"href":"https:\/\/operation.abcortopedi.se\/en\/wp-json\/wp\/v2\/comments?post=1017"}],"version-history":[{"count":5,"href":"https:\/\/operation.abcortopedi.se\/en\/wp-json\/wp\/v2\/pages\/1017\/revisions"}],"predecessor-version":[{"id":2757,"href":"https:\/\/operation.abcortopedi.se\/en\/wp-json\/wp\/v2\/pages\/1017\/revisions\/2757"}],"wp:attachment":[{"href":"https:\/\/operation.abcortopedi.se\/en\/wp-json\/wp\/v2\/media?parent=1017"}],"curies":[{"name":"wp","href":"https:\/\/api.w.org\/{rel}","templated":true}]}}